{"id":1579,"date":"2017-08-25T17:33:41","date_gmt":"2017-08-25T20:33:41","guid":{"rendered":"https:\/\/int.123marcas.com.br\/?post_type=product&#038;p=1579"},"modified":"2025-10-29T18:03:02","modified_gmt":"2025-10-29T21:03:02","slug":"solicitud-de-registro-de-marca-en-brasil%e2%80%8b","status":"publish","type":"product","link":"https:\/\/int.123marcas.com.br\/es\/produto\/solicitud-de-registro-de-marca-en-brasil%e2%80%8b\/","title":{"rendered":"Registro de Marca en Brasil\u200b &#8211; Especificaci\u00f3n Est\u00e1ndar"},"content":{"rendered":"<p>C\u00d3MO TRABAJAMOS?<br \/>\n1\u00ba Usted contrata el servicio;<br \/>\n2\u00ba Nos ponemos en contacto con usted por e-mail para buscar las informaciones necesarias referentes a la marca de su inter\u00e9s;<br \/>\n3\u00ba Enviamos el comprobante de la solicitud de marca por e-mail.<br \/>\n4\u00ba Mantenemos monitoreo de su proceso de marca, y tambi\u00e9n de otros procesos que otras personas quiz\u00e1s soliciten y que sean similar con la suya.<br \/>\n5\u00ba Enviamos por e-mail todas las ocurrencias del proceso junto con una opini\u00f3n de lo que aconsejamos que sea hecho.<br \/>\nCualquier duda podr\u00e1 ser aclarada en el cambio de e-mails, WhatsApp o Chat.<\/p>\n<p>&nbsp;<\/p>\n","protected":false},"excerpt":{"rendered":"<p>Presentaci\u00f3n y seguimiento de la solicitud ante el INPI hasta la emisi\u00f3n del certificado de registro. Incluye <strong>10 a\u00f1os de protecci\u00f3n a partir de la fecha de registro<\/strong> y <strong>servicio de vigilancia marcaria<\/strong> para un monitoreo continuo.<\/p>\n<p>Las tasas est\u00e1ndar se incluyen en el servicio.<\/p>\n<p><strong>Nota:<\/strong> El valor anterior se aplica a solicitudes con <em>especificaci\u00f3n est\u00e1ndar<\/em>.<br \/>\nSi se elige la <em>especificaci\u00f3n libre<\/em> (lista personalizada de productos y servicios), se aplicar\u00e1 un <a href=\"https:\/\/int.123marcas.com.br\/es\/produto\/additional-fee-free-specification-trademark-registration\/\"><strong>cargo adicional de legal fee de USD 200,00<\/strong><\/a>.<\/p>\n","protected":false},"featured_media":1581,"template":"","meta":[],"product_cat":[174],"product_tag":[69,70,71],"yoast_head":"<!-- This site is optimized with the Yoast SEO plugin v22.1 - https:\/\/yoast.com\/wordpress\/plugins\/seo\/ -->\n<title>Trademark Registration in Brazil - Registro de Marca en Brasil\u200b -  - Especifica\u00e7\u00e3o Padr\u00e3o[:] - 123 Marcas<\/title>\n<meta name=\"description\" content=\"Confecci\u00f3n de los documentos formales para hacer la solicitud de registro de marca en Brasil, y la vigilancia del proceso hasta la concesi\u00f3n.\" \/>\n<meta name=\"robots\" content=\"index, follow, max-snippet:-1, max-image-preview:large, max-video-preview:-1\" \/>\n<link rel=\"canonical\" href=\"https:\/\/int.123marcas.com.br\/es\/produto\/solicitud-de-registro-de-marca-en-brasil\u200b\/\" \/>\n<meta property=\"og:locale\" content=\"es_ES\" \/>\n<meta property=\"og:type\" content=\"article\" \/>\n<meta property=\"og:title\" content=\"Registro de Marca en Brasil\u200b - Especificaci\u00f3n Est\u00e1ndar\" \/>\n<meta property=\"og:description\" content=\"Confecci\u00f3n de los documentos formales para hacer la solicitud de registro de marca en Brasil, y la vigilancia del proceso hasta la concesi\u00f3n.\" \/>\n<meta property=\"og:url\" content=\"https:\/\/int.123marcas.com.br\/es\/produto\/solicitud-de-registro-de-marca-en-brasil\u200b\/\" \/>\n<meta property=\"og:site_name\" content=\"123 Marcas\" \/>\n<meta property=\"article:publisher\" content=\"https:\/\/www.facebook.com\/123marcas\/\" \/>\n<meta property=\"article:modified_time\" content=\"2025-10-29T21:03:02+00:00\" \/>\n<meta property=\"og:image\" content=\"https:\/\/int.123marcas.com.br\/wp-content\/uploads\/2017\/08\/Solicitud-Marca-Brasil-1-1.png\" \/>\n\t<meta property=\"og:image:width\" content=\"642\" \/>\n\t<meta property=\"og:image:height\" content=\"482\" \/>\n\t<meta property=\"og:image:type\" content=\"image\/png\" \/>\n<meta name=\"twitter:card\" content=\"summary_large_image\" \/>\n<meta name=\"twitter:label1\" content=\"Tiempo de lectura\" \/>\n\t<meta name=\"twitter:data1\" content=\"1 minuto\" \/>\n<script type=\"application\/ld+json\" class=\"yoast-schema-graph\">{\"@context\":\"https:\/\/schema.org\",\"@graph\":[{\"@type\":\"WebPage\",\"@id\":\"https:\/\/int.123marcas.com.br\/es\/produto\/solicitud-de-registro-de-marca-en-brasil%e2%80%8b\/\",\"url\":\"https:\/\/int.123marcas.com.br\/es\/produto\/solicitud-de-registro-de-marca-en-brasil%e2%80%8b\/\",\"name\":\"[:en]Trademark Registration in Brazil - Standard Specification[:es]Registro de Marca en Brasil\u200b - Especificaci\u00f3n Est\u00e1ndar[:pt]Registro de Marca no Brasil - Especifica\u00e7\u00e3o Padr\u00e3o[:] - 123 Marcas\",\"isPartOf\":{\"@id\":\"https:\/\/int.123marcas.com.br\/es\/#website\"},\"datePublished\":\"2017-08-25T20:33:41+00:00\",\"dateModified\":\"2025-10-29T21:03:02+00:00\",\"description\":\"Confecci\u00f3n de los documentos formales para hacer la solicitud de registro de marca en Brasil, y la vigilancia del proceso hasta la concesi\u00f3n.\",\"breadcrumb\":{\"@id\":\"https:\/\/int.123marcas.com.br\/es\/produto\/solicitud-de-registro-de-marca-en-brasil%e2%80%8b\/#breadcrumb\"},\"inLanguage\":\"es-ES\",\"potentialAction\":[{\"@type\":\"ReadAction\",\"target\":[\"https:\/\/int.123marcas.com.br\/es\/produto\/solicitud-de-registro-de-marca-en-brasil%e2%80%8b\/\"]}]},{\"@type\":\"BreadcrumbList\",\"@id\":\"https:\/\/int.123marcas.com.br\/es\/produto\/solicitud-de-registro-de-marca-en-brasil%e2%80%8b\/#breadcrumb\",\"itemListElement\":[{\"@type\":\"ListItem\",\"position\":1,\"name\":\"In\u00edcio\",\"item\":\"https:\/\/int.123marcas.com.br\/es\/123-marcas-registro-de-marca-en-brasil-es\/\"},{\"@type\":\"ListItem\",\"position\":2,\"name\":\"Lista de precios para el registro de marcas INPI\",\"item\":\"https:\/\/int.123marcas.com.br\/es\/lista-de-precios-para-el-registro-de-marcas-inpi\/\"},{\"@type\":\"ListItem\",\"position\":3,\"name\":\"Registro de Marca en Brasil\u200b &#8211; Especificaci\u00f3n Est\u00e1ndar\"}]},{\"@type\":\"WebSite\",\"@id\":\"https:\/\/int.123marcas.com.br\/es\/#website\",\"url\":\"https:\/\/int.123marcas.com.br\/es\/\",\"name\":\"123 Marcas\",\"description\":\"Registro de Marca en Brasil\",\"publisher\":{\"@id\":\"https:\/\/int.123marcas.com.br\/es\/#organization\"},\"potentialAction\":[{\"@type\":\"SearchAction\",\"target\":{\"@type\":\"EntryPoint\",\"urlTemplate\":\"https:\/\/int.123marcas.com.br\/es\/?s={search_term_string}\"},\"query-input\":\"required name=search_term_string\"}],\"inLanguage\":\"es-ES\"},{\"@type\":\"Organization\",\"@id\":\"https:\/\/int.123marcas.com.br\/es\/#organization\",\"name\":\"123Marcas\",\"url\":\"https:\/\/int.123marcas.com.br\/es\/\",\"logo\":{\"@type\":\"ImageObject\",\"inLanguage\":\"es-ES\",\"@id\":\"https:\/\/int.123marcas.com.br\/es\/#\/schema\/logo\/image\/\",\"url\":\"https:\/\/int.123marcas.com.br\/wp-content\/uploads\/2018\/11\/Logotipo-123Marcas.png\",\"contentUrl\":\"https:\/\/int.123marcas.com.br\/wp-content\/uploads\/2018\/11\/Logotipo-123Marcas.png\",\"width\":200,\"height\":200,\"caption\":\"123Marcas\"},\"image\":{\"@id\":\"https:\/\/int.123marcas.com.br\/es\/#\/schema\/logo\/image\/\"},\"sameAs\":[\"https:\/\/www.facebook.com\/123marcas\/\"]}]}<\/script>\n<!-- \/ Yoast SEO plugin. -->","yoast_head_json":{"title":"Trademark Registration in Brazil - Registro de Marca en Brasil\u200b -  - Especifica\u00e7\u00e3o Padr\u00e3o[:] - 123 Marcas","description":"Confecci\u00f3n de los documentos formales para hacer la solicitud de registro de marca en Brasil, y la vigilancia del proceso hasta la concesi\u00f3n.","robots":{"index":"index","follow":"follow","max-snippet":"max-snippet:-1","max-image-preview":"max-image-preview:large","max-video-preview":"max-video-preview:-1"},"canonical":"https:\/\/int.123marcas.com.br\/es\/produto\/solicitud-de-registro-de-marca-en-brasil\u200b\/","og_locale":"es_ES","og_type":"article","og_title":"[:en]Trademark Registration in Brazil - Standard Specification[:es]Registro de Marca en Brasil\u200b - Especificaci\u00f3n Est\u00e1ndar[:pt]Registro de Marca no Brasil - Especifica\u00e7\u00e3o Padr\u00e3o[:] - 123 Marcas","og_description":"Confecci\u00f3n de los documentos formales para hacer la solicitud de registro de marca en Brasil, y la vigilancia del proceso hasta la concesi\u00f3n.","og_url":"https:\/\/int.123marcas.com.br\/es\/produto\/solicitud-de-registro-de-marca-en-brasil\u200b\/","og_site_name":"123 Marcas","article_publisher":"https:\/\/www.facebook.com\/123marcas\/","article_modified_time":"2025-10-29T21:03:02+00:00","og_image":[{"width":642,"height":482,"url":"https:\/\/int.123marcas.com.br\/wp-content\/uploads\/2017\/08\/Solicitud-Marca-Brasil-1-1.png","type":"image\/png"}],"twitter_card":"summary_large_image","twitter_misc":{"Tiempo de lectura":"1 minuto"},"schema":{"@context":"https:\/\/schema.org","@graph":[{"@type":"WebPage","@id":"https:\/\/int.123marcas.com.br\/es\/produto\/solicitud-de-registro-de-marca-en-brasil%e2%80%8b\/","url":"https:\/\/int.123marcas.com.br\/es\/produto\/solicitud-de-registro-de-marca-en-brasil%e2%80%8b\/","name":"[:en]Trademark Registration in Brazil - Standard Specification[:es]Registro de Marca en Brasil\u200b - Especificaci\u00f3n Est\u00e1ndar[:pt]Registro de Marca no Brasil - Especifica\u00e7\u00e3o Padr\u00e3o[:] - 123 Marcas","isPartOf":{"@id":"https:\/\/int.123marcas.com.br\/es\/#website"},"datePublished":"2017-08-25T20:33:41+00:00","dateModified":"2025-10-29T21:03:02+00:00","description":"Confecci\u00f3n de los documentos formales para hacer la solicitud de registro de marca en Brasil, y la vigilancia del proceso hasta la concesi\u00f3n.","breadcrumb":{"@id":"https:\/\/int.123marcas.com.br\/es\/produto\/solicitud-de-registro-de-marca-en-brasil%e2%80%8b\/#breadcrumb"},"inLanguage":"es-ES","potentialAction":[{"@type":"ReadAction","target":["https:\/\/int.123marcas.com.br\/es\/produto\/solicitud-de-registro-de-marca-en-brasil%e2%80%8b\/"]}]},{"@type":"BreadcrumbList","@id":"https:\/\/int.123marcas.com.br\/es\/produto\/solicitud-de-registro-de-marca-en-brasil%e2%80%8b\/#breadcrumb","itemListElement":[{"@type":"ListItem","position":1,"name":"In\u00edcio","item":"https:\/\/int.123marcas.com.br\/es\/123-marcas-registro-de-marca-en-brasil-es\/"},{"@type":"ListItem","position":2,"name":"Lista de precios para el registro de marcas INPI","item":"https:\/\/int.123marcas.com.br\/es\/lista-de-precios-para-el-registro-de-marcas-inpi\/"},{"@type":"ListItem","position":3,"name":"Registro de Marca en Brasil\u200b &#8211; Especificaci\u00f3n Est\u00e1ndar"}]},{"@type":"WebSite","@id":"https:\/\/int.123marcas.com.br\/es\/#website","url":"https:\/\/int.123marcas.com.br\/es\/","name":"123 Marcas","description":"Registro de Marca en Brasil","publisher":{"@id":"https:\/\/int.123marcas.com.br\/es\/#organization"},"potentialAction":[{"@type":"SearchAction","target":{"@type":"EntryPoint","urlTemplate":"https:\/\/int.123marcas.com.br\/es\/?s={search_term_string}"},"query-input":"required name=search_term_string"}],"inLanguage":"es-ES"},{"@type":"Organization","@id":"https:\/\/int.123marcas.com.br\/es\/#organization","name":"123Marcas","url":"https:\/\/int.123marcas.com.br\/es\/","logo":{"@type":"ImageObject","inLanguage":"es-ES","@id":"https:\/\/int.123marcas.com.br\/es\/#\/schema\/logo\/image\/","url":"https:\/\/int.123marcas.com.br\/wp-content\/uploads\/2018\/11\/Logotipo-123Marcas.png","contentUrl":"https:\/\/int.123marcas.com.br\/wp-content\/uploads\/2018\/11\/Logotipo-123Marcas.png","width":200,"height":200,"caption":"123Marcas"},"image":{"@id":"https:\/\/int.123marcas.com.br\/es\/#\/schema\/logo\/image\/"},"sameAs":["https:\/\/www.facebook.com\/123marcas\/"]}]}},"_links":{"self":[{"href":"https:\/\/int.123marcas.com.br\/es\/wp-json\/wp\/v2\/product\/1579"}],"collection":[{"href":"https:\/\/int.123marcas.com.br\/es\/wp-json\/wp\/v2\/product"}],"about":[{"href":"https:\/\/int.123marcas.com.br\/es\/wp-json\/wp\/v2\/types\/product"}],"version-history":[{"count":17,"href":"https:\/\/int.123marcas.com.br\/es\/wp-json\/wp\/v2\/product\/1579\/revisions"}],"predecessor-version":[{"id":16469,"href":"https:\/\/int.123marcas.com.br\/es\/wp-json\/wp\/v2\/product\/1579\/revisions\/16469"}],"wp:featuredmedia":[{"embeddable":true,"href":"https:\/\/int.123marcas.com.br\/es\/wp-json\/wp\/v2\/media\/1581"}],"wp:attachment":[{"href":"https:\/\/int.123marcas.com.br\/es\/wp-json\/wp\/v2\/media?parent=1579"}],"wp:term":[{"taxonomy":"product_cat","embeddable":true,"href":"https:\/\/int.123marcas.com.br\/es\/wp-json\/wp\/v2\/product_cat?post=1579"},{"taxonomy":"product_tag","embeddable":true,"href":"https:\/\/int.123marcas.com.br\/es\/wp-json\/wp\/v2\/product_tag?post=1579"}],"curies":[{"name":"wp","href":"https:\/\/api.w.org\/{rel}","templated":true}]}}