{"id":1582,"date":"2017-08-25T17:54:57","date_gmt":"2017-08-25T20:54:57","guid":{"rendered":"https:\/\/int.123marcas.com.br\/?post_type=product&#038;p=1582"},"modified":"2025-09-02T18:48:07","modified_gmt":"2025-09-02T21:48:07","slug":"concesion-y-decenio%e2%80%8b-de-marca-en-brasil","status":"publish","type":"product","link":"https:\/\/int.123marcas.com.br\/es\/produto\/concesion-y-decenio%e2%80%8b-de-marca-en-brasil\/","title":{"rendered":"Concesi\u00f3n de Marca en Brasil"},"content":{"rendered":"<h2 data-start=\"569\" data-end=\"615\"><strong data-start=\"573\" data-end=\"613\">Descripci\u00f3n del Servicio<\/strong><\/h2>\n<p data-start=\"616\" data-end=\"912\">Si su marca ya ha sido aprobada en Brasil, el siguiente paso es esperar la concesi\u00f3n autom\u00e1tica y la emisi\u00f3n del certificado oficial de registro.<br \/>\nNuestro servicio de Representaci\u00f3n Legal y Certificaci\u00f3n de Marca garantiza que actuemos como sus representantes ante el INPI, asegurando que su marca quede correctamente protegida y monitoreada durante <strong>10 a\u00f1os de vigencia<\/strong>.<\/p>\n<p>&nbsp;<\/p>\n<h2 data-start=\"914\" data-end=\"938\"><strong data-start=\"919\" data-end=\"936\">\u00bfQu\u00e9 incluye?<\/strong><\/h2>\n<p data-start=\"939\" data-end=\"1592\">\u2705 <strong data-start=\"941\" data-end=\"980\">Emisi\u00f3n del Certificado de Registro<\/strong> \u2013 Nos encargamos de todos los tr\u00e1mites ante el INPI.<\/p>\n<p data-start=\"939\" data-end=\"1592\">\u2705 <strong data-start=\"1179\" data-end=\"1216\">Monitoreo de la Marca por 10 A\u00f1os<\/strong> \u2013 Supervisamos su registro y le notificamos sobre cualquier evento relevante.<br data-start=\"1294\" data-end=\"1297\" \/>\u2705 <strong data-start=\"1299\" data-end=\"1338\">Actualizaciones y Orientaci\u00f3n Legal<\/strong> \u2013 Le enviamos notificaciones por correo electr\u00f3nico sobre cualquier movimiento importante y le recomendamos las mejores acciones.<br data-start=\"1468\" data-end=\"1471\" \/>\u2705 <strong data-start=\"1473\" data-end=\"1524\">Soporte v\u00eda Correo Electr\u00f3nico, WhatsApp y Chat<\/strong> \u2013 \u00bfTiene preguntas? Nuestro equipo est\u00e1 disponible para ayudarle.<\/p>\n<p>&nbsp;<\/p>\n<h2 data-start=\"1594\" data-end=\"1614\">\u26a0\ufe0f <strong data-start=\"1597\" data-end=\"1612\">Importante:<\/strong><\/h2>\n<ul data-start=\"1615\" data-end=\"1860\">\n<li data-start=\"1615\" data-end=\"1722\">Para que su marca llegue a la concesi\u00f3n autom\u00e1tica, es obligatorio contar con un representante legal ante el INPI.<\/li>\n<li data-start=\"1723\" data-end=\"1860\">Si no somos nombrados como sus representantes, el proceso puede ser archivado y la marca perdida.<\/li>\n<\/ul>\n<p>&nbsp;<\/p>\n<h2 data-start=\"1862\" data-end=\"1888\"><strong data-start=\"1867\" data-end=\"1886\">\u00bfC\u00f3mo funciona?<\/strong><\/h2>\n<p data-start=\"1889\" data-end=\"2282\">1\ufe0f\u20e3 <strong data-start=\"1893\" data-end=\"1917\">Contrate el servicio<\/strong> directamente en nuestro sitio web.<br data-start=\"1952\" data-end=\"1955\" \/>2\ufe0f\u20e3 <strong data-start=\"1959\" data-end=\"2011\">Nos pondremos en contacto por correo electr\u00f3nico<\/strong> para recopilar la informaci\u00f3n necesaria.<br data-start=\"2052\" data-end=\"2055\" \/>3\ufe0f\u20e3 <strong data-start=\"2059\" data-end=\"2104\">Le enviaremos la confirmaci\u00f3n y el recibo<\/strong> del proceso.<br data-start=\"2117\" data-end=\"2120\" \/>4\ufe0f\u20e3 <strong data-start=\"2124\" data-end=\"2149\">Monitoreamos su marca<\/strong> durante 10 a\u00f1os y le notificamos sobre cualquier novedad.<br data-start=\"2207\" data-end=\"2210\" \/>5\ufe0f\u20e3 <strong data-start=\"2214\" data-end=\"2242\">Recibir\u00e1 actualizaciones<\/strong> sobre cualquier movimiento relevante.<\/p>\n<p>&nbsp;<\/p>\n<p data-start=\"2284\" data-end=\"2494\" data-is-last-node=\"\">\u00a1Deje la burocracia en nuestras manos! Finalizamos el <strong data-start=\"2338\" data-end=\"2384\">proceso de concesi\u00f3n de su marca en Brasil<\/strong> para que pueda centrarse en el crecimiento de su negocio con tranquilidad. \u00a1Cont\u00e1ctenos para m\u00e1s informaci\u00f3n!<\/p>\n","protected":false},"excerpt":{"rendered":"<p><strong>Asegura que tu marca sea oficialmente concedida en Brasil con nuestro servicio completo.<\/strong><br \/>\nActuamos como tus representantes legales ante el INPI, garantizando la emisi\u00f3n del certificado de registro y ofreciendo el monitoreo de tu marca durante los <strong>10 a\u00f1os de vigencia.<\/strong><\/p>\n<p>\u26a0\ufe0f Atenci\u00f3n:<br \/>\nPara garantizar tus derechos, es esencial nombrarnos como representantes legales. Sin un apoderado, el proceso puede ser archivado y la marca perdida.<\/p>\n","protected":false},"featured_media":1583,"template":"","meta":[],"product_cat":[174],"product_tag":[72,73],"yoast_head":"<!-- This site is optimized with the Yoast SEO plugin v22.1 - https:\/\/yoast.com\/wordpress\/plugins\/seo\/ -->\n<title>Concesi\u00f3n de Marca en Brasil - 123 Marcas<\/title>\n<meta name=\"description\" content=\"Consiste en la confecci\u00f3n de los documentos formales para hacer la concesi\u00f3n del registro de su marca en Brasil, y la vigilancia del proceso por 10 a\u00f1os.\" \/>\n<meta name=\"robots\" content=\"index, follow, max-snippet:-1, max-image-preview:large, max-video-preview:-1\" \/>\n<link rel=\"canonical\" href=\"https:\/\/int.123marcas.com.br\/es\/produto\/concesion-y-decenio\u200b-de-marca-en-brasil\/\" \/>\n<meta property=\"og:locale\" content=\"es_ES\" \/>\n<meta property=\"og:type\" content=\"article\" \/>\n<meta property=\"og:title\" content=\"Concesi\u00f3n de Marca en Brasil\" \/>\n<meta property=\"og:description\" content=\"Consiste en la confecci\u00f3n de los documentos formales para hacer la concesi\u00f3n del registro de su marca en Brasil, y la vigilancia del proceso por 10 a\u00f1os.\" \/>\n<meta property=\"og:url\" content=\"https:\/\/int.123marcas.com.br\/es\/produto\/concesion-y-decenio\u200b-de-marca-en-brasil\/\" \/>\n<meta property=\"og:site_name\" content=\"123 Marcas\" \/>\n<meta property=\"article:publisher\" content=\"https:\/\/www.facebook.com\/123marcas\/\" \/>\n<meta property=\"article:modified_time\" content=\"2025-09-02T21:48:07+00:00\" \/>\n<meta property=\"og:image\" content=\"https:\/\/int.123marcas.com.br\/wp-content\/uploads\/2017\/08\/Concesion-de-Marca-en-Brasil.png\" \/>\n\t<meta property=\"og:image:width\" content=\"642\" \/>\n\t<meta property=\"og:image:height\" content=\"482\" \/>\n\t<meta property=\"og:image:type\" content=\"image\/png\" \/>\n<meta name=\"twitter:card\" content=\"summary_large_image\" \/>\n<meta name=\"twitter:label1\" content=\"Tiempo de lectura\" \/>\n\t<meta name=\"twitter:data1\" content=\"2 minutos\" \/>\n<script type=\"application\/ld+json\" class=\"yoast-schema-graph\">{\"@context\":\"https:\/\/schema.org\",\"@graph\":[{\"@type\":\"WebPage\",\"@id\":\"https:\/\/int.123marcas.com.br\/es\/produto\/concesion-y-decenio%e2%80%8b-de-marca-en-brasil\/\",\"url\":\"https:\/\/int.123marcas.com.br\/es\/produto\/concesion-y-decenio%e2%80%8b-de-marca-en-brasil\/\",\"name\":\"[:en]Trademark granting and certification in Brazil[:es]Concesi\u00f3n de Marca en Brasil[:pt]Concess\u00e3o e certificado de registro da Marca no Brasil[:] - 123 Marcas\",\"isPartOf\":{\"@id\":\"https:\/\/int.123marcas.com.br\/es\/#website\"},\"datePublished\":\"2017-08-25T20:54:57+00:00\",\"dateModified\":\"2025-09-02T21:48:07+00:00\",\"description\":\"Consiste en la confecci\u00f3n de los documentos formales para hacer la concesi\u00f3n del registro de su marca en Brasil, y la vigilancia del proceso por 10 a\u00f1os.\",\"breadcrumb\":{\"@id\":\"https:\/\/int.123marcas.com.br\/es\/produto\/concesion-y-decenio%e2%80%8b-de-marca-en-brasil\/#breadcrumb\"},\"inLanguage\":\"es-ES\",\"potentialAction\":[{\"@type\":\"ReadAction\",\"target\":[\"https:\/\/int.123marcas.com.br\/es\/produto\/concesion-y-decenio%e2%80%8b-de-marca-en-brasil\/\"]}]},{\"@type\":\"BreadcrumbList\",\"@id\":\"https:\/\/int.123marcas.com.br\/es\/produto\/concesion-y-decenio%e2%80%8b-de-marca-en-brasil\/#breadcrumb\",\"itemListElement\":[{\"@type\":\"ListItem\",\"position\":1,\"name\":\"In\u00edcio\",\"item\":\"https:\/\/int.123marcas.com.br\/es\/123-marcas-registro-de-marca-en-brasil-es\/\"},{\"@type\":\"ListItem\",\"position\":2,\"name\":\"Lista de precios para el registro de marcas INPI\",\"item\":\"https:\/\/int.123marcas.com.br\/es\/lista-de-precios-para-el-registro-de-marcas-inpi\/\"},{\"@type\":\"ListItem\",\"position\":3,\"name\":\"Concesi\u00f3n de Marca en Brasil\"}]},{\"@type\":\"WebSite\",\"@id\":\"https:\/\/int.123marcas.com.br\/es\/#website\",\"url\":\"https:\/\/int.123marcas.com.br\/es\/\",\"name\":\"123 Marcas\",\"description\":\"Registro de Marca en Brasil\",\"publisher\":{\"@id\":\"https:\/\/int.123marcas.com.br\/es\/#organization\"},\"potentialAction\":[{\"@type\":\"SearchAction\",\"target\":{\"@type\":\"EntryPoint\",\"urlTemplate\":\"https:\/\/int.123marcas.com.br\/es\/?s={search_term_string}\"},\"query-input\":\"required name=search_term_string\"}],\"inLanguage\":\"es-ES\"},{\"@type\":\"Organization\",\"@id\":\"https:\/\/int.123marcas.com.br\/es\/#organization\",\"name\":\"123Marcas\",\"url\":\"https:\/\/int.123marcas.com.br\/es\/\",\"logo\":{\"@type\":\"ImageObject\",\"inLanguage\":\"es-ES\",\"@id\":\"https:\/\/int.123marcas.com.br\/es\/#\/schema\/logo\/image\/\",\"url\":\"https:\/\/int.123marcas.com.br\/wp-content\/uploads\/2018\/11\/Logotipo-123Marcas.png\",\"contentUrl\":\"https:\/\/int.123marcas.com.br\/wp-content\/uploads\/2018\/11\/Logotipo-123Marcas.png\",\"width\":200,\"height\":200,\"caption\":\"123Marcas\"},\"image\":{\"@id\":\"https:\/\/int.123marcas.com.br\/es\/#\/schema\/logo\/image\/\"},\"sameAs\":[\"https:\/\/www.facebook.com\/123marcas\/\"]}]}<\/script>\n<!-- \/ Yoast SEO plugin. -->","yoast_head_json":{"title":"Concesi\u00f3n de Marca en Brasil - 123 Marcas","description":"Consiste en la confecci\u00f3n de los documentos formales para hacer la concesi\u00f3n del registro de su marca en Brasil, y la vigilancia del proceso por 10 a\u00f1os.","robots":{"index":"index","follow":"follow","max-snippet":"max-snippet:-1","max-image-preview":"max-image-preview:large","max-video-preview":"max-video-preview:-1"},"canonical":"https:\/\/int.123marcas.com.br\/es\/produto\/concesion-y-decenio\u200b-de-marca-en-brasil\/","og_locale":"es_ES","og_type":"article","og_title":"[:en]Trademark granting and certification in Brazil[:es]Concesi\u00f3n de Marca en Brasil[:pt]Concess\u00e3o e certificado de registro da Marca no Brasil[:] - 123 Marcas","og_description":"Consiste en la confecci\u00f3n de los documentos formales para hacer la concesi\u00f3n del registro de su marca en Brasil, y la vigilancia del proceso por 10 a\u00f1os.","og_url":"https:\/\/int.123marcas.com.br\/es\/produto\/concesion-y-decenio\u200b-de-marca-en-brasil\/","og_site_name":"123 Marcas","article_publisher":"https:\/\/www.facebook.com\/123marcas\/","article_modified_time":"2025-09-02T21:48:07+00:00","og_image":[{"width":642,"height":482,"url":"https:\/\/int.123marcas.com.br\/wp-content\/uploads\/2017\/08\/Concesion-de-Marca-en-Brasil.png","type":"image\/png"}],"twitter_card":"summary_large_image","twitter_misc":{"Tiempo de lectura":"2 minutos"},"schema":{"@context":"https:\/\/schema.org","@graph":[{"@type":"WebPage","@id":"https:\/\/int.123marcas.com.br\/es\/produto\/concesion-y-decenio%e2%80%8b-de-marca-en-brasil\/","url":"https:\/\/int.123marcas.com.br\/es\/produto\/concesion-y-decenio%e2%80%8b-de-marca-en-brasil\/","name":"[:en]Trademark granting and certification in Brazil[:es]Concesi\u00f3n de Marca en Brasil[:pt]Concess\u00e3o e certificado de registro da Marca no Brasil[:] - 123 Marcas","isPartOf":{"@id":"https:\/\/int.123marcas.com.br\/es\/#website"},"datePublished":"2017-08-25T20:54:57+00:00","dateModified":"2025-09-02T21:48:07+00:00","description":"Consiste en la confecci\u00f3n de los documentos formales para hacer la concesi\u00f3n del registro de su marca en Brasil, y la vigilancia del proceso por 10 a\u00f1os.","breadcrumb":{"@id":"https:\/\/int.123marcas.com.br\/es\/produto\/concesion-y-decenio%e2%80%8b-de-marca-en-brasil\/#breadcrumb"},"inLanguage":"es-ES","potentialAction":[{"@type":"ReadAction","target":["https:\/\/int.123marcas.com.br\/es\/produto\/concesion-y-decenio%e2%80%8b-de-marca-en-brasil\/"]}]},{"@type":"BreadcrumbList","@id":"https:\/\/int.123marcas.com.br\/es\/produto\/concesion-y-decenio%e2%80%8b-de-marca-en-brasil\/#breadcrumb","itemListElement":[{"@type":"ListItem","position":1,"name":"In\u00edcio","item":"https:\/\/int.123marcas.com.br\/es\/123-marcas-registro-de-marca-en-brasil-es\/"},{"@type":"ListItem","position":2,"name":"Lista de precios para el registro de marcas INPI","item":"https:\/\/int.123marcas.com.br\/es\/lista-de-precios-para-el-registro-de-marcas-inpi\/"},{"@type":"ListItem","position":3,"name":"Concesi\u00f3n de Marca en Brasil"}]},{"@type":"WebSite","@id":"https:\/\/int.123marcas.com.br\/es\/#website","url":"https:\/\/int.123marcas.com.br\/es\/","name":"123 Marcas","description":"Registro de Marca en Brasil","publisher":{"@id":"https:\/\/int.123marcas.com.br\/es\/#organization"},"potentialAction":[{"@type":"SearchAction","target":{"@type":"EntryPoint","urlTemplate":"https:\/\/int.123marcas.com.br\/es\/?s={search_term_string}"},"query-input":"required name=search_term_string"}],"inLanguage":"es-ES"},{"@type":"Organization","@id":"https:\/\/int.123marcas.com.br\/es\/#organization","name":"123Marcas","url":"https:\/\/int.123marcas.com.br\/es\/","logo":{"@type":"ImageObject","inLanguage":"es-ES","@id":"https:\/\/int.123marcas.com.br\/es\/#\/schema\/logo\/image\/","url":"https:\/\/int.123marcas.com.br\/wp-content\/uploads\/2018\/11\/Logotipo-123Marcas.png","contentUrl":"https:\/\/int.123marcas.com.br\/wp-content\/uploads\/2018\/11\/Logotipo-123Marcas.png","width":200,"height":200,"caption":"123Marcas"},"image":{"@id":"https:\/\/int.123marcas.com.br\/es\/#\/schema\/logo\/image\/"},"sameAs":["https:\/\/www.facebook.com\/123marcas\/"]}]}},"_links":{"self":[{"href":"https:\/\/int.123marcas.com.br\/es\/wp-json\/wp\/v2\/product\/1582"}],"collection":[{"href":"https:\/\/int.123marcas.com.br\/es\/wp-json\/wp\/v2\/product"}],"about":[{"href":"https:\/\/int.123marcas.com.br\/es\/wp-json\/wp\/v2\/types\/product"}],"version-history":[{"count":24,"href":"https:\/\/int.123marcas.com.br\/es\/wp-json\/wp\/v2\/product\/1582\/revisions"}],"predecessor-version":[{"id":16317,"href":"https:\/\/int.123marcas.com.br\/es\/wp-json\/wp\/v2\/product\/1582\/revisions\/16317"}],"wp:featuredmedia":[{"embeddable":true,"href":"https:\/\/int.123marcas.com.br\/es\/wp-json\/wp\/v2\/media\/1583"}],"wp:attachment":[{"href":"https:\/\/int.123marcas.com.br\/es\/wp-json\/wp\/v2\/media?parent=1582"}],"wp:term":[{"taxonomy":"product_cat","embeddable":true,"href":"https:\/\/int.123marcas.com.br\/es\/wp-json\/wp\/v2\/product_cat?post=1582"},{"taxonomy":"product_tag","embeddable":true,"href":"https:\/\/int.123marcas.com.br\/es\/wp-json\/wp\/v2\/product_tag?post=1582"}],"curies":[{"name":"wp","href":"https:\/\/api.w.org\/{rel}","templated":true}]}}