{"id":4836,"date":"2018-07-26T16:52:37","date_gmt":"2018-07-26T19:52:37","guid":{"rendered":"https:\/\/int.123marcas.com.br\/?post_type=product&#038;p=4836"},"modified":"2023-07-28T15:56:22","modified_gmt":"2023-07-28T18:56:22","slug":"trademark-search-in-brazil","status":"publish","type":"product","link":"https:\/\/int.123marcas.com.br\/es\/produto\/trademark-search-in-brazil\/","title":{"rendered":"B\u00fasqueda y an\u00e1lisis de marca\u200b en Brasil"},"content":{"rendered":"<h3>Qu\u00e9 est\u00e1 incluido:<\/h3>\n<p>&#8211; Buscar un nombre en hasta 5 clases;<\/p>\n<p>&#8211; Opini\u00f3n concluyente sobre la posibilidad de registro;<\/p>\n<p>&#8211; Se ofrece una segunda b\u00fasqueda de marca registrada de cortes\u00eda en caso de que surja alg\u00fan problema con su elecci\u00f3n inicial, seg\u00fan lo identifique nuestro abogado.<\/p>\n<p>&nbsp;<\/p>\n<h3>C\u00f3mo Trabajamos:<\/h3>\n<p>1\u00ba usted contrata el servicio;<br \/>\n2\u00ba hacemos contacto por e-mail para buscar las informaciones necesarias referentes a la marca de su inter\u00e9s;<br \/>\n3\u00ba enviamos el servicio para usted por e-mail.<\/p>\n<p>Cualquier duda podr\u00e1 ser aclarada en el cambio de e-mails, WhatsApp o Chat<\/p>\n","protected":false},"excerpt":{"rendered":"<p>Contar con un estudio con dictamen conclusivo sobre la posibilidad de registrar la marca ante el INPI.<\/p>\n<p>Utilizamos software especializado y profesionales para analizar si su marca est\u00e1 disponible para registro en Brasil.<\/p>\n<p>&nbsp;<\/p>\n","protected":false},"featured_media":4894,"template":"","meta":[],"product_cat":[163],"product_tag":[],"yoast_head":"<!-- This site is optimized with the Yoast SEO plugin v22.1 - https:\/\/yoast.com\/wordpress\/plugins\/seo\/ -->\n<title>B\u00fasqueda y an\u00e1lisis de marca\u200b en Brasil - 123 Marcas<\/title>\n<meta name=\"robots\" content=\"index, follow, max-snippet:-1, max-image-preview:large, max-video-preview:-1\" \/>\n<link rel=\"canonical\" href=\"https:\/\/int.123marcas.com.br\/es\/produto\/trademark-search-in-brazil\/\" \/>\n<meta property=\"og:locale\" content=\"es_ES\" \/>\n<meta property=\"og:type\" content=\"article\" \/>\n<meta property=\"og:title\" content=\"B\u00fasqueda y an\u00e1lisis de marca\u200b en Brasil\" \/>\n<meta property=\"og:description\" content=\"Contar con un estudio con dictamen conclusivo sobre la posibilidad de registrar la marca ante el INPI.  Utilizamos software especializado y profesionales para analizar si su marca est\u00e1 disponible para registro en Brasil.  &nbsp;\" \/>\n<meta property=\"og:url\" content=\"https:\/\/int.123marcas.com.br\/es\/produto\/trademark-search-in-brazil\/\" \/>\n<meta property=\"og:site_name\" content=\"123 Marcas\" \/>\n<meta property=\"article:publisher\" content=\"https:\/\/www.facebook.com\/123marcas\/\" \/>\n<meta property=\"article:modified_time\" content=\"2023-07-28T18:56:22+00:00\" \/>\n<meta property=\"og:image\" content=\"https:\/\/int.123marcas.com.br\/wp-content\/uploads\/2018\/07\/Busqued-e-Analise-de-marca-en-Brasil.png\" \/>\n\t<meta property=\"og:image:width\" content=\"642\" \/>\n\t<meta property=\"og:image:height\" content=\"482\" \/>\n\t<meta property=\"og:image:type\" content=\"image\/png\" \/>\n<meta name=\"twitter:card\" content=\"summary_large_image\" \/>\n<meta name=\"twitter:label1\" content=\"Tiempo de lectura\" \/>\n\t<meta name=\"twitter:data1\" content=\"1 minuto\" \/>\n<script type=\"application\/ld+json\" class=\"yoast-schema-graph\">{\"@context\":\"https:\/\/schema.org\",\"@graph\":[{\"@type\":\"WebPage\",\"@id\":\"https:\/\/int.123marcas.com.br\/es\/produto\/trademark-search-in-brazil\/\",\"url\":\"https:\/\/int.123marcas.com.br\/es\/produto\/trademark-search-in-brazil\/\",\"name\":\"[:en]Trademark comprehensive study in Brazil[:es]B\u00fasqueda y an\u00e1lisis de marca\u200b en Brasil[:pt]Busca e an\u00e1lise de marca no Brasil[:] - 123 Marcas\",\"isPartOf\":{\"@id\":\"https:\/\/int.123marcas.com.br\/es\/#website\"},\"datePublished\":\"2018-07-26T19:52:37+00:00\",\"dateModified\":\"2023-07-28T18:56:22+00:00\",\"breadcrumb\":{\"@id\":\"https:\/\/int.123marcas.com.br\/es\/produto\/trademark-search-in-brazil\/#breadcrumb\"},\"inLanguage\":\"es-ES\",\"potentialAction\":[{\"@type\":\"ReadAction\",\"target\":[\"https:\/\/int.123marcas.com.br\/es\/produto\/trademark-search-in-brazil\/\"]}]},{\"@type\":\"BreadcrumbList\",\"@id\":\"https:\/\/int.123marcas.com.br\/es\/produto\/trademark-search-in-brazil\/#breadcrumb\",\"itemListElement\":[{\"@type\":\"ListItem\",\"position\":1,\"name\":\"In\u00edcio\",\"item\":\"https:\/\/int.123marcas.com.br\/es\/123-marcas-registro-de-marca-en-brasil-es\/\"},{\"@type\":\"ListItem\",\"position\":2,\"name\":\"Lista de precios para el registro de marcas INPI\",\"item\":\"https:\/\/int.123marcas.com.br\/es\/lista-de-precios-para-el-registro-de-marcas-inpi\/\"},{\"@type\":\"ListItem\",\"position\":3,\"name\":\"Trademark comprehensive study in Brazil\"}]},{\"@type\":\"WebSite\",\"@id\":\"https:\/\/int.123marcas.com.br\/es\/#website\",\"url\":\"https:\/\/int.123marcas.com.br\/es\/\",\"name\":\"123 Marcas\",\"description\":\"Registro de Marca en Brasil\",\"publisher\":{\"@id\":\"https:\/\/int.123marcas.com.br\/es\/#organization\"},\"potentialAction\":[{\"@type\":\"SearchAction\",\"target\":{\"@type\":\"EntryPoint\",\"urlTemplate\":\"https:\/\/int.123marcas.com.br\/es\/?s={search_term_string}\"},\"query-input\":\"required name=search_term_string\"}],\"inLanguage\":\"es-ES\"},{\"@type\":\"Organization\",\"@id\":\"https:\/\/int.123marcas.com.br\/es\/#organization\",\"name\":\"123Marcas\",\"url\":\"https:\/\/int.123marcas.com.br\/es\/\",\"logo\":{\"@type\":\"ImageObject\",\"inLanguage\":\"es-ES\",\"@id\":\"https:\/\/int.123marcas.com.br\/es\/#\/schema\/logo\/image\/\",\"url\":\"https:\/\/int.123marcas.com.br\/wp-content\/uploads\/2018\/11\/Logotipo-123Marcas.png\",\"contentUrl\":\"https:\/\/int.123marcas.com.br\/wp-content\/uploads\/2018\/11\/Logotipo-123Marcas.png\",\"width\":200,\"height\":200,\"caption\":\"123Marcas\"},\"image\":{\"@id\":\"https:\/\/int.123marcas.com.br\/es\/#\/schema\/logo\/image\/\"},\"sameAs\":[\"https:\/\/www.facebook.com\/123marcas\/\"]}]}<\/script>\n<!-- \/ Yoast SEO plugin. -->","yoast_head_json":{"title":"B\u00fasqueda y an\u00e1lisis de marca\u200b en Brasil - 123 Marcas","robots":{"index":"index","follow":"follow","max-snippet":"max-snippet:-1","max-image-preview":"max-image-preview:large","max-video-preview":"max-video-preview:-1"},"canonical":"https:\/\/int.123marcas.com.br\/es\/produto\/trademark-search-in-brazil\/","og_locale":"es_ES","og_type":"article","og_title":"[:en]Trademark comprehensive study in Brazil[:es]B\u00fasqueda y an\u00e1lisis de marca\u200b en Brasil[:pt]Busca e an\u00e1lise de marca no Brasil[:] - 123 Marcas","og_description":"[:en]Have a study with a conclusive opinion on the possibility of registering a trademark in Brazil.  We use specialized software and professionals to analyze whether your trademark is available for registration.  &nbsp;[:es]Contar con un estudio con dictamen conclusivo sobre la posibilidad de registrar la marca ante el INPI.  Utilizamos software especializado y profesionales para analizar si su marca est\u00e1 disponible para registro en Brasil.  &nbsp;[:pt]Tenha um estudo com parecer conclusivo da possibilidade de registro da marca no INPI.  Utilizamos software e profissionais especializados para analisar se sua marca est\u00e1 dispon\u00edvel para registro no Brasil.  &nbsp;[:]","og_url":"https:\/\/int.123marcas.com.br\/es\/produto\/trademark-search-in-brazil\/","og_site_name":"123 Marcas","article_publisher":"https:\/\/www.facebook.com\/123marcas\/","article_modified_time":"2023-07-28T18:56:22+00:00","og_image":[{"width":642,"height":482,"url":"https:\/\/int.123marcas.com.br\/wp-content\/uploads\/2018\/07\/Busqued-e-Analise-de-marca-en-Brasil.png","type":"image\/png"}],"twitter_card":"summary_large_image","twitter_misc":{"Tiempo de lectura":"1 minuto"},"schema":{"@context":"https:\/\/schema.org","@graph":[{"@type":"WebPage","@id":"https:\/\/int.123marcas.com.br\/es\/produto\/trademark-search-in-brazil\/","url":"https:\/\/int.123marcas.com.br\/es\/produto\/trademark-search-in-brazil\/","name":"[:en]Trademark comprehensive study in Brazil[:es]B\u00fasqueda y an\u00e1lisis de marca\u200b en Brasil[:pt]Busca e an\u00e1lise de marca no Brasil[:] - 123 Marcas","isPartOf":{"@id":"https:\/\/int.123marcas.com.br\/es\/#website"},"datePublished":"2018-07-26T19:52:37+00:00","dateModified":"2023-07-28T18:56:22+00:00","breadcrumb":{"@id":"https:\/\/int.123marcas.com.br\/es\/produto\/trademark-search-in-brazil\/#breadcrumb"},"inLanguage":"es-ES","potentialAction":[{"@type":"ReadAction","target":["https:\/\/int.123marcas.com.br\/es\/produto\/trademark-search-in-brazil\/"]}]},{"@type":"BreadcrumbList","@id":"https:\/\/int.123marcas.com.br\/es\/produto\/trademark-search-in-brazil\/#breadcrumb","itemListElement":[{"@type":"ListItem","position":1,"name":"In\u00edcio","item":"https:\/\/int.123marcas.com.br\/es\/123-marcas-registro-de-marca-en-brasil-es\/"},{"@type":"ListItem","position":2,"name":"Lista de precios para el registro de marcas INPI","item":"https:\/\/int.123marcas.com.br\/es\/lista-de-precios-para-el-registro-de-marcas-inpi\/"},{"@type":"ListItem","position":3,"name":"Trademark comprehensive study in Brazil"}]},{"@type":"WebSite","@id":"https:\/\/int.123marcas.com.br\/es\/#website","url":"https:\/\/int.123marcas.com.br\/es\/","name":"123 Marcas","description":"Registro de Marca en Brasil","publisher":{"@id":"https:\/\/int.123marcas.com.br\/es\/#organization"},"potentialAction":[{"@type":"SearchAction","target":{"@type":"EntryPoint","urlTemplate":"https:\/\/int.123marcas.com.br\/es\/?s={search_term_string}"},"query-input":"required name=search_term_string"}],"inLanguage":"es-ES"},{"@type":"Organization","@id":"https:\/\/int.123marcas.com.br\/es\/#organization","name":"123Marcas","url":"https:\/\/int.123marcas.com.br\/es\/","logo":{"@type":"ImageObject","inLanguage":"es-ES","@id":"https:\/\/int.123marcas.com.br\/es\/#\/schema\/logo\/image\/","url":"https:\/\/int.123marcas.com.br\/wp-content\/uploads\/2018\/11\/Logotipo-123Marcas.png","contentUrl":"https:\/\/int.123marcas.com.br\/wp-content\/uploads\/2018\/11\/Logotipo-123Marcas.png","width":200,"height":200,"caption":"123Marcas"},"image":{"@id":"https:\/\/int.123marcas.com.br\/es\/#\/schema\/logo\/image\/"},"sameAs":["https:\/\/www.facebook.com\/123marcas\/"]}]}},"_links":{"self":[{"href":"https:\/\/int.123marcas.com.br\/es\/wp-json\/wp\/v2\/product\/4836"}],"collection":[{"href":"https:\/\/int.123marcas.com.br\/es\/wp-json\/wp\/v2\/product"}],"about":[{"href":"https:\/\/int.123marcas.com.br\/es\/wp-json\/wp\/v2\/types\/product"}],"version-history":[{"count":0,"href":"https:\/\/int.123marcas.com.br\/es\/wp-json\/wp\/v2\/product\/4836\/revisions"}],"wp:featuredmedia":[{"embeddable":true,"href":"https:\/\/int.123marcas.com.br\/es\/wp-json\/wp\/v2\/media\/4894"}],"wp:attachment":[{"href":"https:\/\/int.123marcas.com.br\/es\/wp-json\/wp\/v2\/media?parent=4836"}],"wp:term":[{"taxonomy":"product_cat","embeddable":true,"href":"https:\/\/int.123marcas.com.br\/es\/wp-json\/wp\/v2\/product_cat?post=4836"},{"taxonomy":"product_tag","embeddable":true,"href":"https:\/\/int.123marcas.com.br\/es\/wp-json\/wp\/v2\/product_tag?post=4836"}],"curies":[{"name":"wp","href":"https:\/\/api.w.org\/{rel}","templated":true}]}}