{"id":15249,"date":"2023-01-20T13:45:28","date_gmt":"2023-01-20T16:45:28","guid":{"rendered":"https:\/\/int.123marcas.com.br\/en\/?post_type=product&#038;p=15249"},"modified":"2023-07-28T13:16:53","modified_gmt":"2023-07-28T16:16:53","slug":"reply-to-extrajudicial-notification-for-trademark-in-brazil","status":"publish","type":"product","link":"https:\/\/int.123marcas.com.br\/pt\/produto\/reply-to-extrajudicial-notification-for-trademark-in-brazil\/","title":{"rendered":"Resposta \u00e0 Notifica\u00e7\u00e3o Extrajudicial sobre Marca no Brasil"},"content":{"rendered":"<p>COMO TRABALHAMOS:<\/p>\n<p>1\u00ba Voc\u00ea contrata o servi\u00e7o.<br \/>\n2\u00ba Entramos em contato por e-mail para obter as informa\u00e7\u00f5es necess\u00e1rias para responder a notifica\u00e7\u00e3o extrajudicial.<br \/>\n3\u00ba Enviaremos um documento que comprove a execu\u00e7\u00e3o do servi\u00e7o para voc\u00ea por e-mail.<br \/>\nQualquer d\u00favida pode ser esclarecida na troca de e-mails.<\/p>\n","protected":false},"excerpt":{"rendered":"<p>Consiste em entender o caso e enviar uma resposta \u00e0 notifica\u00e7\u00e3o extrajudicial em mat\u00e9ria de marcas.<\/p>\n<p>Toda a base legal ser\u00e1 inclu\u00edda no documento. Se voc\u00ea n\u00e3o tem certeza do que responder, recomendamos que contrate <a href=\"https:\/\/int.123marcas.com.br\/pt\/produto\/1-una-hora-tecnica-de-analisis-legal-de-marca\/\">uma hora de an\u00e1lise t\u00e9cnica clicando aqui<\/a>.<\/p>\n","protected":false},"featured_media":7688,"template":"","meta":[],"product_cat":[174],"product_tag":[89,91,88,92],"yoast_head":"<!-- This site is optimized with the Yoast SEO plugin v22.1 - https:\/\/yoast.com\/wordpress\/plugins\/seo\/ -->\n<title>Resposta \u00e0 Notifica\u00e7\u00e3o Extrajudicial sobre Marca no Brasil - 123 Marcas<\/title>\n<meta name=\"robots\" content=\"index, follow, max-snippet:-1, max-image-preview:large, max-video-preview:-1\" \/>\n<link rel=\"canonical\" href=\"https:\/\/int.123marcas.com.br\/pt\/produto\/reply-to-extrajudicial-notification-for-trademark-in-brazil\/\" \/>\n<meta property=\"og:locale\" content=\"pt_PT\" \/>\n<meta property=\"og:type\" content=\"article\" \/>\n<meta property=\"og:title\" content=\"Resposta \u00e0 Notifica\u00e7\u00e3o Extrajudicial sobre Marca no Brasil\" \/>\n<meta property=\"og:description\" content=\"Consiste em entender o caso e enviar uma resposta \u00e0 notifica\u00e7\u00e3o extrajudicial em mat\u00e9ria de marcas.  Toda a base legal ser\u00e1 inclu\u00edda no documento. Se voc\u00ea n\u00e3o tem certeza do que responder, recomendamos que contrate uma hora de an\u00e1lise t\u00e9cnica clicando aqui.\" \/>\n<meta property=\"og:url\" content=\"https:\/\/int.123marcas.com.br\/pt\/produto\/reply-to-extrajudicial-notification-for-trademark-in-brazil\/\" \/>\n<meta property=\"og:site_name\" content=\"123 Marcas\" \/>\n<meta property=\"article:publisher\" content=\"https:\/\/www.facebook.com\/123marcas\/\" \/>\n<meta property=\"article:modified_time\" content=\"2023-07-28T16:16:53+00:00\" \/>\n<meta property=\"og:image\" content=\"https:\/\/int.123marcas.com.br\/wp-content\/uploads\/2019\/08\/Advogado-de-registro-de-marca.jpg\" \/>\n\t<meta property=\"og:image:width\" content=\"600\" \/>\n\t<meta property=\"og:image:height\" content=\"250\" \/>\n\t<meta property=\"og:image:type\" content=\"image\/jpeg\" \/>\n<meta name=\"twitter:card\" content=\"summary_large_image\" \/>\n<meta name=\"twitter:label1\" content=\"Tempo estimado de leitura\" \/>\n\t<meta name=\"twitter:data1\" content=\"1 minuto\" \/>\n<script type=\"application\/ld+json\" class=\"yoast-schema-graph\">{\"@context\":\"https:\/\/schema.org\",\"@graph\":[{\"@type\":\"WebPage\",\"@id\":\"https:\/\/int.123marcas.com.br\/pt\/produto\/reply-to-extrajudicial-notification-for-trademark-in-brazil\/\",\"url\":\"https:\/\/int.123marcas.com.br\/pt\/produto\/reply-to-extrajudicial-notification-for-trademark-in-brazil\/\",\"name\":\"[:en]Reply to Extrajudicial notification for trademark in Brazil[:es]Responder a notificaci\u00f3n extrajudicial sobre marca en Brasil[:pt]Resposta \u00e0 Notifica\u00e7\u00e3o Extrajudicial sobre Marca no Brasil[:] - 123 Marcas\",\"isPartOf\":{\"@id\":\"https:\/\/int.123marcas.com.br\/pt\/#website\"},\"datePublished\":\"2023-01-20T16:45:28+00:00\",\"dateModified\":\"2023-07-28T16:16:53+00:00\",\"breadcrumb\":{\"@id\":\"https:\/\/int.123marcas.com.br\/pt\/produto\/reply-to-extrajudicial-notification-for-trademark-in-brazil\/#breadcrumb\"},\"inLanguage\":\"pt-PT\",\"potentialAction\":[{\"@type\":\"ReadAction\",\"target\":[\"https:\/\/int.123marcas.com.br\/pt\/produto\/reply-to-extrajudicial-notification-for-trademark-in-brazil\/\"]}]},{\"@type\":\"BreadcrumbList\",\"@id\":\"https:\/\/int.123marcas.com.br\/pt\/produto\/reply-to-extrajudicial-notification-for-trademark-in-brazil\/#breadcrumb\",\"itemListElement\":[{\"@type\":\"ListItem\",\"position\":1,\"name\":\"In\u00edcio\",\"item\":\"https:\/\/int.123marcas.com.br\/pt\/123-marcas-registro-de-marca-no-brasil-pt\/\"},{\"@type\":\"ListItem\",\"position\":2,\"name\":\"Lista de precios para el registro de marcas INPI\",\"item\":\"https:\/\/int.123marcas.com.br\/es\/lista-de-precios-para-el-registro-de-marcas-inpi\/\"},{\"@type\":\"ListItem\",\"position\":3,\"name\":\"Reply to Extrajudicial notification for trademark in Brazil\"}]},{\"@type\":\"WebSite\",\"@id\":\"https:\/\/int.123marcas.com.br\/pt\/#website\",\"url\":\"https:\/\/int.123marcas.com.br\/pt\/\",\"name\":\"123 Marcas\",\"description\":\"Registro de Marca no Brasil\",\"publisher\":{\"@id\":\"https:\/\/int.123marcas.com.br\/pt\/#organization\"},\"potentialAction\":[{\"@type\":\"SearchAction\",\"target\":{\"@type\":\"EntryPoint\",\"urlTemplate\":\"https:\/\/int.123marcas.com.br\/pt\/?s={search_term_string}\"},\"query-input\":\"required name=search_term_string\"}],\"inLanguage\":\"pt-PT\"},{\"@type\":\"Organization\",\"@id\":\"https:\/\/int.123marcas.com.br\/pt\/#organization\",\"name\":\"123Marcas\",\"url\":\"https:\/\/int.123marcas.com.br\/pt\/\",\"logo\":{\"@type\":\"ImageObject\",\"inLanguage\":\"pt-PT\",\"@id\":\"https:\/\/int.123marcas.com.br\/pt\/#\/schema\/logo\/image\/\",\"url\":\"https:\/\/int.123marcas.com.br\/wp-content\/uploads\/2018\/11\/Logotipo-123Marcas.png\",\"contentUrl\":\"https:\/\/int.123marcas.com.br\/wp-content\/uploads\/2018\/11\/Logotipo-123Marcas.png\",\"width\":200,\"height\":200,\"caption\":\"123Marcas\"},\"image\":{\"@id\":\"https:\/\/int.123marcas.com.br\/pt\/#\/schema\/logo\/image\/\"},\"sameAs\":[\"https:\/\/www.facebook.com\/123marcas\/\"]}]}<\/script>\n<!-- \/ Yoast SEO plugin. -->","yoast_head_json":{"title":"Resposta \u00e0 Notifica\u00e7\u00e3o Extrajudicial sobre Marca no Brasil - 123 Marcas","robots":{"index":"index","follow":"follow","max-snippet":"max-snippet:-1","max-image-preview":"max-image-preview:large","max-video-preview":"max-video-preview:-1"},"canonical":"https:\/\/int.123marcas.com.br\/pt\/produto\/reply-to-extrajudicial-notification-for-trademark-in-brazil\/","og_locale":"pt_PT","og_type":"article","og_title":"[:en]Reply to Extrajudicial notification for trademark in Brazil[:es]Responder a notificaci\u00f3n extrajudicial sobre marca en Brasil[:pt]Resposta \u00e0 Notifica\u00e7\u00e3o Extrajudicial sobre Marca no Brasil[:] - 123 Marcas","og_description":"[:en]It consists of understanding the case and sending a response to the the\u00a0notifying\u00a0party.  The entire legal basis will be included in the document. If you are not sure what to answer, we recommend that you book an hour of technical analysis by clicking here.[:es]Consiste en entender el caso y enviar una respuesta.  Toda la base legal se incluir\u00e1 en el documento. Si no est\u00e1 seguro de qu\u00e9 responder, le recomendamos que reserve una hora de an\u00e1lisis t\u00e9cnico haciendo clic aqu\u00ed.  &nbsp;  &nbsp;[:pt]Consiste em entender o caso e enviar uma resposta \u00e0 notifica\u00e7\u00e3o extrajudicial em mat\u00e9ria de marcas.  Toda a base legal ser\u00e1 inclu\u00edda no documento. Se voc\u00ea n\u00e3o tem certeza do que responder, recomendamos que contrate uma hora de an\u00e1lise t\u00e9cnica clicando aqui.[:]","og_url":"https:\/\/int.123marcas.com.br\/pt\/produto\/reply-to-extrajudicial-notification-for-trademark-in-brazil\/","og_site_name":"123 Marcas","article_publisher":"https:\/\/www.facebook.com\/123marcas\/","article_modified_time":"2023-07-28T16:16:53+00:00","og_image":[{"width":600,"height":250,"url":"https:\/\/int.123marcas.com.br\/wp-content\/uploads\/2019\/08\/Advogado-de-registro-de-marca.jpg","type":"image\/jpeg"}],"twitter_card":"summary_large_image","twitter_misc":{"Tempo estimado de leitura":"1 minuto"},"schema":{"@context":"https:\/\/schema.org","@graph":[{"@type":"WebPage","@id":"https:\/\/int.123marcas.com.br\/pt\/produto\/reply-to-extrajudicial-notification-for-trademark-in-brazil\/","url":"https:\/\/int.123marcas.com.br\/pt\/produto\/reply-to-extrajudicial-notification-for-trademark-in-brazil\/","name":"[:en]Reply to Extrajudicial notification for trademark in Brazil[:es]Responder a notificaci\u00f3n extrajudicial sobre marca en Brasil[:pt]Resposta \u00e0 Notifica\u00e7\u00e3o Extrajudicial sobre Marca no Brasil[:] - 123 Marcas","isPartOf":{"@id":"https:\/\/int.123marcas.com.br\/pt\/#website"},"datePublished":"2023-01-20T16:45:28+00:00","dateModified":"2023-07-28T16:16:53+00:00","breadcrumb":{"@id":"https:\/\/int.123marcas.com.br\/pt\/produto\/reply-to-extrajudicial-notification-for-trademark-in-brazil\/#breadcrumb"},"inLanguage":"pt-PT","potentialAction":[{"@type":"ReadAction","target":["https:\/\/int.123marcas.com.br\/pt\/produto\/reply-to-extrajudicial-notification-for-trademark-in-brazil\/"]}]},{"@type":"BreadcrumbList","@id":"https:\/\/int.123marcas.com.br\/pt\/produto\/reply-to-extrajudicial-notification-for-trademark-in-brazil\/#breadcrumb","itemListElement":[{"@type":"ListItem","position":1,"name":"In\u00edcio","item":"https:\/\/int.123marcas.com.br\/pt\/123-marcas-registro-de-marca-no-brasil-pt\/"},{"@type":"ListItem","position":2,"name":"Lista de precios para el registro de marcas INPI","item":"https:\/\/int.123marcas.com.br\/es\/lista-de-precios-para-el-registro-de-marcas-inpi\/"},{"@type":"ListItem","position":3,"name":"Reply to Extrajudicial notification for trademark in Brazil"}]},{"@type":"WebSite","@id":"https:\/\/int.123marcas.com.br\/pt\/#website","url":"https:\/\/int.123marcas.com.br\/pt\/","name":"123 Marcas","description":"Registro de Marca no Brasil","publisher":{"@id":"https:\/\/int.123marcas.com.br\/pt\/#organization"},"potentialAction":[{"@type":"SearchAction","target":{"@type":"EntryPoint","urlTemplate":"https:\/\/int.123marcas.com.br\/pt\/?s={search_term_string}"},"query-input":"required name=search_term_string"}],"inLanguage":"pt-PT"},{"@type":"Organization","@id":"https:\/\/int.123marcas.com.br\/pt\/#organization","name":"123Marcas","url":"https:\/\/int.123marcas.com.br\/pt\/","logo":{"@type":"ImageObject","inLanguage":"pt-PT","@id":"https:\/\/int.123marcas.com.br\/pt\/#\/schema\/logo\/image\/","url":"https:\/\/int.123marcas.com.br\/wp-content\/uploads\/2018\/11\/Logotipo-123Marcas.png","contentUrl":"https:\/\/int.123marcas.com.br\/wp-content\/uploads\/2018\/11\/Logotipo-123Marcas.png","width":200,"height":200,"caption":"123Marcas"},"image":{"@id":"https:\/\/int.123marcas.com.br\/pt\/#\/schema\/logo\/image\/"},"sameAs":["https:\/\/www.facebook.com\/123marcas\/"]}]}},"_links":{"self":[{"href":"https:\/\/int.123marcas.com.br\/pt\/wp-json\/wp\/v2\/product\/15249"}],"collection":[{"href":"https:\/\/int.123marcas.com.br\/pt\/wp-json\/wp\/v2\/product"}],"about":[{"href":"https:\/\/int.123marcas.com.br\/pt\/wp-json\/wp\/v2\/types\/product"}],"version-history":[{"count":0,"href":"https:\/\/int.123marcas.com.br\/pt\/wp-json\/wp\/v2\/product\/15249\/revisions"}],"wp:featuredmedia":[{"embeddable":true,"href":"https:\/\/int.123marcas.com.br\/pt\/wp-json\/wp\/v2\/media\/7688"}],"wp:attachment":[{"href":"https:\/\/int.123marcas.com.br\/pt\/wp-json\/wp\/v2\/media?parent=15249"}],"wp:term":[{"taxonomy":"product_cat","embeddable":true,"href":"https:\/\/int.123marcas.com.br\/pt\/wp-json\/wp\/v2\/product_cat?post=15249"},{"taxonomy":"product_tag","embeddable":true,"href":"https:\/\/int.123marcas.com.br\/pt\/wp-json\/wp\/v2\/product_tag?post=15249"}],"curies":[{"name":"wp","href":"https:\/\/api.w.org\/{rel}","templated":true}]}}