{"id":1579,"date":"2017-08-25T17:33:41","date_gmt":"2017-08-25T20:33:41","guid":{"rendered":"https:\/\/int.123marcas.com.br\/?post_type=product&#038;p=1579"},"modified":"2025-10-29T18:03:02","modified_gmt":"2025-10-29T21:03:02","slug":"solicitud-de-registro-de-marca-en-brasil%e2%80%8b","status":"publish","type":"product","link":"https:\/\/int.123marcas.com.br\/pt\/produto\/solicitud-de-registro-de-marca-en-brasil%e2%80%8b\/","title":{"rendered":"Registro de Marca no Brasil &#8211; Especifica\u00e7\u00e3o Padr\u00e3o"},"content":{"rendered":"<p>COMO TRABALHAMOS?<br \/>\n1\u00ba Voc\u00ea contrata o servi\u00e7o;<br \/>\n2\u00ba Entramos em contato por e-mail para buscar as informa\u00e7\u00f5es necess\u00e1rias sobre a marca de seu interesse;<br \/>\n3\u00ba Enviamos o comprovante do pedido de marca por e-mail;<br \/>\n4\u00ba Mantemos acompanhamento do seu processo de marca, e tamb\u00e9m de outros processos que outras pessoas venham a solicitar e que sejam semelhantes ao seu;<br \/>\n5\u00ba Enviamos por e-mail todas as ocorr\u00eancias do processo junto com parecer do que recomendamos que seja feito.<br \/>\nQualquer d\u00favida pode ser esclarecida na troca de e-mails, WhatsApp ou Chat.<\/p>\n<p>&nbsp;<\/p>\n","protected":false},"excerpt":{"rendered":"<p data-start=\"505\" data-end=\"724\">Dep\u00f3sito e acompanhamento do pedido junto ao INPI at\u00e9 a emiss\u00e3o do certificado de registro. Inclui <strong data-start=\"604\" data-end=\"656\">10 anos de prote\u00e7\u00e3o a partir da data do registro<\/strong> e <strong data-start=\"659\" data-end=\"693\">servi\u00e7o de vigil\u00e2ncia de marca<\/strong> para monitoramento cont\u00ednuo.<\/p>\n<p>As taxas padr\u00e3o est\u00e3o inclu\u00eddas no servi\u00e7o.<\/p>\n<p><strong data-start=\"426\" data-end=\"441\">Observa\u00e7\u00e3o:<\/strong> O valor acima se aplica a pedidos com <strong data-start=\"480\" data-end=\"504\">especifica\u00e7\u00e3o padr\u00e3o<\/strong>.<br data-start=\"505\" data-end=\"508\" \/>Caso opte pela <strong data-start=\"525\" data-end=\"548\">especifica\u00e7\u00e3o livre<\/strong> (lista personalizada de produtos e servi\u00e7os), haver\u00e1 um <a href=\"https:\/\/int.123marcas.com.br\/pt\/produto\/additional-fee-free-specification-trademark-registration\/\"><strong data-start=\"605\" data-end=\"645\">acr\u00e9scimo de taxas oficiais de USD 200,00<\/strong><\/a>.<\/p>\n<p>&nbsp;<\/p>\n","protected":false},"featured_media":1581,"template":"","meta":[],"product_cat":[174],"product_tag":[69,70,71],"yoast_head":"<!-- This site is optimized with the Yoast SEO plugin v22.1 - https:\/\/yoast.com\/wordpress\/plugins\/seo\/ -->\n<title>Trademark Registration in Brazil -  - Registro de Marca no Brasil - Especifica\u00e7\u00e3o Padr\u00e3o[:] - 123 Marcas<\/title>\n<meta name=\"description\" content=\"Confecci\u00f3n de los documentos formales para hacer la solicitud de registro de marca en Brasil, y la vigilancia del proceso hasta la concesi\u00f3n.\" \/>\n<meta name=\"robots\" content=\"index, follow, max-snippet:-1, max-image-preview:large, max-video-preview:-1\" \/>\n<link rel=\"canonical\" href=\"https:\/\/int.123marcas.com.br\/pt\/produto\/solicitud-de-registro-de-marca-en-brasil\u200b\/\" \/>\n<meta property=\"og:locale\" content=\"pt_PT\" \/>\n<meta property=\"og:type\" content=\"article\" \/>\n<meta property=\"og:title\" content=\"Registro de Marca no Brasil - Especifica\u00e7\u00e3o Padr\u00e3o\" \/>\n<meta property=\"og:description\" content=\"Confecci\u00f3n de los documentos formales para hacer la solicitud de registro de marca en Brasil, y la vigilancia del proceso hasta la concesi\u00f3n.\" \/>\n<meta property=\"og:url\" content=\"https:\/\/int.123marcas.com.br\/pt\/produto\/solicitud-de-registro-de-marca-en-brasil\u200b\/\" \/>\n<meta property=\"og:site_name\" content=\"123 Marcas\" \/>\n<meta property=\"article:publisher\" content=\"https:\/\/www.facebook.com\/123marcas\/\" \/>\n<meta property=\"article:modified_time\" content=\"2025-10-29T21:03:02+00:00\" \/>\n<meta property=\"og:image\" content=\"https:\/\/int.123marcas.com.br\/wp-content\/uploads\/2017\/08\/Solicitud-Marca-Brasil-1-1.png\" \/>\n\t<meta property=\"og:image:width\" content=\"642\" \/>\n\t<meta property=\"og:image:height\" content=\"482\" \/>\n\t<meta property=\"og:image:type\" content=\"image\/png\" \/>\n<meta name=\"twitter:card\" content=\"summary_large_image\" \/>\n<meta name=\"twitter:label1\" content=\"Tempo estimado de leitura\" \/>\n\t<meta name=\"twitter:data1\" content=\"1 minuto\" \/>\n<script type=\"application\/ld+json\" class=\"yoast-schema-graph\">{\"@context\":\"https:\/\/schema.org\",\"@graph\":[{\"@type\":\"WebPage\",\"@id\":\"https:\/\/int.123marcas.com.br\/pt\/produto\/solicitud-de-registro-de-marca-en-brasil%e2%80%8b\/\",\"url\":\"https:\/\/int.123marcas.com.br\/pt\/produto\/solicitud-de-registro-de-marca-en-brasil%e2%80%8b\/\",\"name\":\"[:en]Trademark Registration in Brazil - Standard Specification[:es]Registro de Marca en Brasil\u200b - Especificaci\u00f3n Est\u00e1ndar[:pt]Registro de Marca no Brasil - Especifica\u00e7\u00e3o Padr\u00e3o[:] - 123 Marcas\",\"isPartOf\":{\"@id\":\"https:\/\/int.123marcas.com.br\/pt\/#website\"},\"datePublished\":\"2017-08-25T20:33:41+00:00\",\"dateModified\":\"2025-10-29T21:03:02+00:00\",\"description\":\"Confecci\u00f3n de los documentos formales para hacer la solicitud de registro de marca en Brasil, y la vigilancia del proceso hasta la concesi\u00f3n.\",\"breadcrumb\":{\"@id\":\"https:\/\/int.123marcas.com.br\/pt\/produto\/solicitud-de-registro-de-marca-en-brasil%e2%80%8b\/#breadcrumb\"},\"inLanguage\":\"pt-PT\",\"potentialAction\":[{\"@type\":\"ReadAction\",\"target\":[\"https:\/\/int.123marcas.com.br\/pt\/produto\/solicitud-de-registro-de-marca-en-brasil%e2%80%8b\/\"]}]},{\"@type\":\"BreadcrumbList\",\"@id\":\"https:\/\/int.123marcas.com.br\/pt\/produto\/solicitud-de-registro-de-marca-en-brasil%e2%80%8b\/#breadcrumb\",\"itemListElement\":[{\"@type\":\"ListItem\",\"position\":1,\"name\":\"In\u00edcio\",\"item\":\"https:\/\/int.123marcas.com.br\/pt\/123-marcas-registro-de-marca-no-brasil-pt\/\"},{\"@type\":\"ListItem\",\"position\":2,\"name\":\"Lista de precios para el registro de marcas INPI\",\"item\":\"https:\/\/int.123marcas.com.br\/es\/lista-de-precios-para-el-registro-de-marcas-inpi\/\"},{\"@type\":\"ListItem\",\"position\":3,\"name\":\"Registro de Marca en Brasil\u200b &#8211; Especificaci\u00f3n Est\u00e1ndar\"}]},{\"@type\":\"WebSite\",\"@id\":\"https:\/\/int.123marcas.com.br\/pt\/#website\",\"url\":\"https:\/\/int.123marcas.com.br\/pt\/\",\"name\":\"123 Marcas\",\"description\":\"Registro de Marca no Brasil\",\"publisher\":{\"@id\":\"https:\/\/int.123marcas.com.br\/pt\/#organization\"},\"potentialAction\":[{\"@type\":\"SearchAction\",\"target\":{\"@type\":\"EntryPoint\",\"urlTemplate\":\"https:\/\/int.123marcas.com.br\/pt\/?s={search_term_string}\"},\"query-input\":\"required name=search_term_string\"}],\"inLanguage\":\"pt-PT\"},{\"@type\":\"Organization\",\"@id\":\"https:\/\/int.123marcas.com.br\/pt\/#organization\",\"name\":\"123Marcas\",\"url\":\"https:\/\/int.123marcas.com.br\/pt\/\",\"logo\":{\"@type\":\"ImageObject\",\"inLanguage\":\"pt-PT\",\"@id\":\"https:\/\/int.123marcas.com.br\/pt\/#\/schema\/logo\/image\/\",\"url\":\"https:\/\/int.123marcas.com.br\/wp-content\/uploads\/2018\/11\/Logotipo-123Marcas.png\",\"contentUrl\":\"https:\/\/int.123marcas.com.br\/wp-content\/uploads\/2018\/11\/Logotipo-123Marcas.png\",\"width\":200,\"height\":200,\"caption\":\"123Marcas\"},\"image\":{\"@id\":\"https:\/\/int.123marcas.com.br\/pt\/#\/schema\/logo\/image\/\"},\"sameAs\":[\"https:\/\/www.facebook.com\/123marcas\/\"]}]}<\/script>\n<!-- \/ Yoast SEO plugin. -->","yoast_head_json":{"title":"Trademark Registration in Brazil -  - Registro de Marca no Brasil - Especifica\u00e7\u00e3o Padr\u00e3o[:] - 123 Marcas","description":"Confecci\u00f3n de los documentos formales para hacer la solicitud de registro de marca en Brasil, y la vigilancia del proceso hasta la concesi\u00f3n.","robots":{"index":"index","follow":"follow","max-snippet":"max-snippet:-1","max-image-preview":"max-image-preview:large","max-video-preview":"max-video-preview:-1"},"canonical":"https:\/\/int.123marcas.com.br\/pt\/produto\/solicitud-de-registro-de-marca-en-brasil\u200b\/","og_locale":"pt_PT","og_type":"article","og_title":"[:en]Trademark Registration in Brazil - Standard Specification[:es]Registro de Marca en Brasil\u200b - Especificaci\u00f3n Est\u00e1ndar[:pt]Registro de Marca no Brasil - Especifica\u00e7\u00e3o Padr\u00e3o[:] - 123 Marcas","og_description":"Confecci\u00f3n de los documentos formales para hacer la solicitud de registro de marca en Brasil, y la vigilancia del proceso hasta la concesi\u00f3n.","og_url":"https:\/\/int.123marcas.com.br\/pt\/produto\/solicitud-de-registro-de-marca-en-brasil\u200b\/","og_site_name":"123 Marcas","article_publisher":"https:\/\/www.facebook.com\/123marcas\/","article_modified_time":"2025-10-29T21:03:02+00:00","og_image":[{"width":642,"height":482,"url":"https:\/\/int.123marcas.com.br\/wp-content\/uploads\/2017\/08\/Solicitud-Marca-Brasil-1-1.png","type":"image\/png"}],"twitter_card":"summary_large_image","twitter_misc":{"Tempo estimado de leitura":"1 minuto"},"schema":{"@context":"https:\/\/schema.org","@graph":[{"@type":"WebPage","@id":"https:\/\/int.123marcas.com.br\/pt\/produto\/solicitud-de-registro-de-marca-en-brasil%e2%80%8b\/","url":"https:\/\/int.123marcas.com.br\/pt\/produto\/solicitud-de-registro-de-marca-en-brasil%e2%80%8b\/","name":"[:en]Trademark Registration in Brazil - Standard Specification[:es]Registro de Marca en Brasil\u200b - Especificaci\u00f3n Est\u00e1ndar[:pt]Registro de Marca no Brasil - Especifica\u00e7\u00e3o Padr\u00e3o[:] - 123 Marcas","isPartOf":{"@id":"https:\/\/int.123marcas.com.br\/pt\/#website"},"datePublished":"2017-08-25T20:33:41+00:00","dateModified":"2025-10-29T21:03:02+00:00","description":"Confecci\u00f3n de los documentos formales para hacer la solicitud de registro de marca en Brasil, y la vigilancia del proceso hasta la concesi\u00f3n.","breadcrumb":{"@id":"https:\/\/int.123marcas.com.br\/pt\/produto\/solicitud-de-registro-de-marca-en-brasil%e2%80%8b\/#breadcrumb"},"inLanguage":"pt-PT","potentialAction":[{"@type":"ReadAction","target":["https:\/\/int.123marcas.com.br\/pt\/produto\/solicitud-de-registro-de-marca-en-brasil%e2%80%8b\/"]}]},{"@type":"BreadcrumbList","@id":"https:\/\/int.123marcas.com.br\/pt\/produto\/solicitud-de-registro-de-marca-en-brasil%e2%80%8b\/#breadcrumb","itemListElement":[{"@type":"ListItem","position":1,"name":"In\u00edcio","item":"https:\/\/int.123marcas.com.br\/pt\/123-marcas-registro-de-marca-no-brasil-pt\/"},{"@type":"ListItem","position":2,"name":"Lista de precios para el registro de marcas INPI","item":"https:\/\/int.123marcas.com.br\/es\/lista-de-precios-para-el-registro-de-marcas-inpi\/"},{"@type":"ListItem","position":3,"name":"Registro de Marca en Brasil\u200b &#8211; Especificaci\u00f3n Est\u00e1ndar"}]},{"@type":"WebSite","@id":"https:\/\/int.123marcas.com.br\/pt\/#website","url":"https:\/\/int.123marcas.com.br\/pt\/","name":"123 Marcas","description":"Registro de Marca no Brasil","publisher":{"@id":"https:\/\/int.123marcas.com.br\/pt\/#organization"},"potentialAction":[{"@type":"SearchAction","target":{"@type":"EntryPoint","urlTemplate":"https:\/\/int.123marcas.com.br\/pt\/?s={search_term_string}"},"query-input":"required name=search_term_string"}],"inLanguage":"pt-PT"},{"@type":"Organization","@id":"https:\/\/int.123marcas.com.br\/pt\/#organization","name":"123Marcas","url":"https:\/\/int.123marcas.com.br\/pt\/","logo":{"@type":"ImageObject","inLanguage":"pt-PT","@id":"https:\/\/int.123marcas.com.br\/pt\/#\/schema\/logo\/image\/","url":"https:\/\/int.123marcas.com.br\/wp-content\/uploads\/2018\/11\/Logotipo-123Marcas.png","contentUrl":"https:\/\/int.123marcas.com.br\/wp-content\/uploads\/2018\/11\/Logotipo-123Marcas.png","width":200,"height":200,"caption":"123Marcas"},"image":{"@id":"https:\/\/int.123marcas.com.br\/pt\/#\/schema\/logo\/image\/"},"sameAs":["https:\/\/www.facebook.com\/123marcas\/"]}]}},"_links":{"self":[{"href":"https:\/\/int.123marcas.com.br\/pt\/wp-json\/wp\/v2\/product\/1579"}],"collection":[{"href":"https:\/\/int.123marcas.com.br\/pt\/wp-json\/wp\/v2\/product"}],"about":[{"href":"https:\/\/int.123marcas.com.br\/pt\/wp-json\/wp\/v2\/types\/product"}],"version-history":[{"count":17,"href":"https:\/\/int.123marcas.com.br\/pt\/wp-json\/wp\/v2\/product\/1579\/revisions"}],"predecessor-version":[{"id":16469,"href":"https:\/\/int.123marcas.com.br\/pt\/wp-json\/wp\/v2\/product\/1579\/revisions\/16469"}],"wp:featuredmedia":[{"embeddable":true,"href":"https:\/\/int.123marcas.com.br\/pt\/wp-json\/wp\/v2\/media\/1581"}],"wp:attachment":[{"href":"https:\/\/int.123marcas.com.br\/pt\/wp-json\/wp\/v2\/media?parent=1579"}],"wp:term":[{"taxonomy":"product_cat","embeddable":true,"href":"https:\/\/int.123marcas.com.br\/pt\/wp-json\/wp\/v2\/product_cat?post=1579"},{"taxonomy":"product_tag","embeddable":true,"href":"https:\/\/int.123marcas.com.br\/pt\/wp-json\/wp\/v2\/product_tag?post=1579"}],"curies":[{"name":"wp","href":"https:\/\/api.w.org\/{rel}","templated":true}]}}