{"id":1582,"date":"2017-08-25T17:54:57","date_gmt":"2017-08-25T20:54:57","guid":{"rendered":"https:\/\/int.123marcas.com.br\/?post_type=product&#038;p=1582"},"modified":"2025-09-02T18:48:07","modified_gmt":"2025-09-02T21:48:07","slug":"concesion-y-decenio%e2%80%8b-de-marca-en-brasil","status":"publish","type":"product","link":"https:\/\/int.123marcas.com.br\/pt\/produto\/concesion-y-decenio%e2%80%8b-de-marca-en-brasil\/","title":{"rendered":"Concess\u00e3o e certificado de registro da Marca no Brasil"},"content":{"rendered":"<h2 data-start=\"513\" data-end=\"555\"><strong data-start=\"517\" data-end=\"553\">Descri\u00e7\u00e3o do Servi\u00e7o<\/strong><\/h2>\n<p>Se sua marca j\u00e1 foi aprovada pelo INPI, o pr\u00f3ximo passo \u00e9 aguardar a concess\u00e3o autom\u00e1tica e a emiss\u00e3o do certificado de registro. Para isso, \u00e9 essencial contar com nosso servi\u00e7o de Representa\u00e7\u00e3o Legal e Certifica\u00e7\u00e3o de Marca, que garante que atuaremos como seus procuradores oficiais perante o INPI.<\/p>\n<p>Assim, sua marca estar\u00e1 devidamente protegida e monitorada durante os 10 anos de validade do registro.<\/p>\n<p>&nbsp;<\/p>\n<h2 data-start=\"844\" data-end=\"875\"><strong data-start=\"849\" data-end=\"873\">O que est\u00e1 inclu\u00eddo?<\/strong><\/h2>\n<p data-start=\"876\" data-end=\"1470\">\u2705 <strong data-start=\"878\" data-end=\"916\">Emiss\u00e3o do Certificado de Registro<\/strong> \u2013 Cuidamos de todas as formalidades junto ao INPI.<\/p>\n<p data-start=\"876\" data-end=\"1470\">\u2705 <strong data-start=\"1104\" data-end=\"1142\">Monitoramento da Marca por 10 Anos<\/strong> \u2013 Acompanhamos seu registro e informamos sobre qualquer evento relevante.<br data-start=\"1216\" data-end=\"1219\" \/>\u2705 <strong data-start=\"1221\" data-end=\"1261\">Atualiza\u00e7\u00f5es e Orienta\u00e7\u00f5es Jur\u00eddicas<\/strong> \u2013 Enviamos notifica\u00e7\u00f5es por e-mail sempre que houver movimenta\u00e7\u00f5es importantes e indicamos as melhores a\u00e7\u00f5es.<br data-start=\"1371\" data-end=\"1374\" \/>\u2705 <strong data-start=\"1376\" data-end=\"1415\">Suporte via E-mail, WhatsApp e Chat<\/strong> \u2013 Tem d\u00favidas? Nossa equipe est\u00e1 pronta para ajudar.<\/p>\n<p>&nbsp;<\/p>\n<h2 data-start=\"1472\" data-end=\"1489\">\u26a0\ufe0f <strong data-start=\"1475\" data-end=\"1487\">Aten\u00e7\u00e3o:<\/strong><\/h2>\n<ul data-start=\"1490\" data-end=\"1712\">\n<li data-start=\"1490\" data-end=\"1586\">Para garantir que sua marca siga at\u00e9 a concess\u00e3o, \u00e9 obrigat\u00f3rio ter um procurador legal junto ao INPI.<\/li>\n<li data-start=\"1587\" data-end=\"1712\">Caso n\u00e3o sejamos nomeados como seus representantes, o processo pode ser arquivado e a marca perdida.<\/li>\n<\/ul>\n<p>&nbsp;<\/p>\n<h2 data-start=\"1714\" data-end=\"1739\"><strong data-start=\"1719\" data-end=\"1737\">Como Funciona?<\/strong><\/h2>\n<p data-start=\"1740\" data-end=\"2087\">1\ufe0f\u20e3 <strong data-start=\"1744\" data-end=\"1766\">Contrate o servi\u00e7o<\/strong> diretamente pelo site.<br data-start=\"1789\" data-end=\"1792\" \/>2\ufe0f\u20e3 <strong data-start=\"1796\" data-end=\"1830\">Entramos em contato por e-mail<\/strong> para coletar as informa\u00e7\u00f5es necess\u00e1rias.<br data-start=\"1871\" data-end=\"1874\" \/>3\ufe0f\u20e3 <strong data-start=\"1878\" data-end=\"1915\">Enviamos a confirma\u00e7\u00e3o e o recibo<\/strong> do processo.<br data-start=\"1928\" data-end=\"1931\" \/>4\ufe0f\u20e3 <strong data-start=\"1935\" data-end=\"1961\">Acompanhamos sua marca<\/strong> por 10 anos, notificando sobre qualquer novidade.<br data-start=\"2011\" data-end=\"2014\" \/>5\ufe0f\u20e3 <strong data-start=\"2018\" data-end=\"2046\">Voc\u00ea recebe atualiza\u00e7\u00f5es<\/strong> sobre qualquer movimenta\u00e7\u00e3o relevante.<\/p>\n<p>&nbsp;<\/p>\n<p data-start=\"2089\" data-end=\"2301\" data-is-last-node=\"\">Deixe a parte burocr\u00e1tica com a gente! Finalizamos o <strong data-start=\"2142\" data-end=\"2190\">processo de concess\u00e3o da sua marca no Brasil<\/strong> para que voc\u00ea possa focar no crescimento do seu neg\u00f3cio com tranquilidade. Fale conosco para mais informa\u00e7\u00f5es!<\/p>\n","protected":false},"excerpt":{"rendered":"<p><strong>Garanta que sua marca seja oficialmente concedida no Brasil com o nosso servi\u00e7o completo.<\/strong><br \/>\nAtuamos como seus procuradores legais junto ao INPI, assegurando a emiss\u00e3o do certificado de registro e oferecendo o monitoramento da sua marca durante os <strong>10 anos de validade.<\/strong><\/p>\n<p>\u26a0\ufe0f Aten\u00e7\u00e3o:<br \/>\nPara garantir seus direitos, \u00e9 essencial nos nomear como representantes legais. Sem um procurador, o processo pode ser arquivado e a marca perdida.<\/p>\n","protected":false},"featured_media":1583,"template":"","meta":[],"product_cat":[174],"product_tag":[72,73],"yoast_head":"<!-- This site is optimized with the Yoast SEO plugin v22.1 - https:\/\/yoast.com\/wordpress\/plugins\/seo\/ -->\n<title>Concess\u00e3o e certificado de registro da Marca no Brasil - 123 Marcas<\/title>\n<meta name=\"description\" content=\"Consiste en la confecci\u00f3n de los documentos formales para hacer la concesi\u00f3n del registro de su marca en Brasil, y la vigilancia del proceso por 10 a\u00f1os.\" \/>\n<meta name=\"robots\" content=\"index, follow, max-snippet:-1, max-image-preview:large, max-video-preview:-1\" \/>\n<link rel=\"canonical\" href=\"https:\/\/int.123marcas.com.br\/pt\/produto\/concesion-y-decenio\u200b-de-marca-en-brasil\/\" \/>\n<meta property=\"og:locale\" content=\"pt_PT\" \/>\n<meta property=\"og:type\" content=\"article\" \/>\n<meta property=\"og:title\" content=\"Concess\u00e3o e certificado de registro da Marca no Brasil\" \/>\n<meta property=\"og:description\" content=\"Consiste en la confecci\u00f3n de los documentos formales para hacer la concesi\u00f3n del registro de su marca en Brasil, y la vigilancia del proceso por 10 a\u00f1os.\" \/>\n<meta property=\"og:url\" content=\"https:\/\/int.123marcas.com.br\/pt\/produto\/concesion-y-decenio\u200b-de-marca-en-brasil\/\" \/>\n<meta property=\"og:site_name\" content=\"123 Marcas\" \/>\n<meta property=\"article:publisher\" content=\"https:\/\/www.facebook.com\/123marcas\/\" \/>\n<meta property=\"article:modified_time\" content=\"2025-09-02T21:48:07+00:00\" \/>\n<meta property=\"og:image\" content=\"https:\/\/int.123marcas.com.br\/wp-content\/uploads\/2017\/08\/Concesion-de-Marca-en-Brasil.png\" \/>\n\t<meta property=\"og:image:width\" content=\"642\" \/>\n\t<meta property=\"og:image:height\" content=\"482\" \/>\n\t<meta property=\"og:image:type\" content=\"image\/png\" \/>\n<meta name=\"twitter:card\" content=\"summary_large_image\" \/>\n<meta name=\"twitter:label1\" content=\"Tempo estimado de leitura\" \/>\n\t<meta name=\"twitter:data1\" content=\"2 minutos\" \/>\n<script type=\"application\/ld+json\" class=\"yoast-schema-graph\">{\"@context\":\"https:\/\/schema.org\",\"@graph\":[{\"@type\":\"WebPage\",\"@id\":\"https:\/\/int.123marcas.com.br\/pt\/produto\/concesion-y-decenio%e2%80%8b-de-marca-en-brasil\/\",\"url\":\"https:\/\/int.123marcas.com.br\/pt\/produto\/concesion-y-decenio%e2%80%8b-de-marca-en-brasil\/\",\"name\":\"[:en]Trademark granting and certification in Brazil[:es]Concesi\u00f3n de Marca en Brasil[:pt]Concess\u00e3o e certificado de registro da Marca no Brasil[:] - 123 Marcas\",\"isPartOf\":{\"@id\":\"https:\/\/int.123marcas.com.br\/pt\/#website\"},\"datePublished\":\"2017-08-25T20:54:57+00:00\",\"dateModified\":\"2025-09-02T21:48:07+00:00\",\"description\":\"Consiste en la confecci\u00f3n de los documentos formales para hacer la concesi\u00f3n del registro de su marca en Brasil, y la vigilancia del proceso por 10 a\u00f1os.\",\"breadcrumb\":{\"@id\":\"https:\/\/int.123marcas.com.br\/pt\/produto\/concesion-y-decenio%e2%80%8b-de-marca-en-brasil\/#breadcrumb\"},\"inLanguage\":\"pt-PT\",\"potentialAction\":[{\"@type\":\"ReadAction\",\"target\":[\"https:\/\/int.123marcas.com.br\/pt\/produto\/concesion-y-decenio%e2%80%8b-de-marca-en-brasil\/\"]}]},{\"@type\":\"BreadcrumbList\",\"@id\":\"https:\/\/int.123marcas.com.br\/pt\/produto\/concesion-y-decenio%e2%80%8b-de-marca-en-brasil\/#breadcrumb\",\"itemListElement\":[{\"@type\":\"ListItem\",\"position\":1,\"name\":\"In\u00edcio\",\"item\":\"https:\/\/int.123marcas.com.br\/pt\/123-marcas-registro-de-marca-no-brasil-pt\/\"},{\"@type\":\"ListItem\",\"position\":2,\"name\":\"Lista de precios para el registro de marcas INPI\",\"item\":\"https:\/\/int.123marcas.com.br\/es\/lista-de-precios-para-el-registro-de-marcas-inpi\/\"},{\"@type\":\"ListItem\",\"position\":3,\"name\":\"Concesi\u00f3n de Marca en Brasil\"}]},{\"@type\":\"WebSite\",\"@id\":\"https:\/\/int.123marcas.com.br\/pt\/#website\",\"url\":\"https:\/\/int.123marcas.com.br\/pt\/\",\"name\":\"123 Marcas\",\"description\":\"Registro de Marca no Brasil\",\"publisher\":{\"@id\":\"https:\/\/int.123marcas.com.br\/pt\/#organization\"},\"potentialAction\":[{\"@type\":\"SearchAction\",\"target\":{\"@type\":\"EntryPoint\",\"urlTemplate\":\"https:\/\/int.123marcas.com.br\/pt\/?s={search_term_string}\"},\"query-input\":\"required name=search_term_string\"}],\"inLanguage\":\"pt-PT\"},{\"@type\":\"Organization\",\"@id\":\"https:\/\/int.123marcas.com.br\/pt\/#organization\",\"name\":\"123Marcas\",\"url\":\"https:\/\/int.123marcas.com.br\/pt\/\",\"logo\":{\"@type\":\"ImageObject\",\"inLanguage\":\"pt-PT\",\"@id\":\"https:\/\/int.123marcas.com.br\/pt\/#\/schema\/logo\/image\/\",\"url\":\"https:\/\/int.123marcas.com.br\/wp-content\/uploads\/2018\/11\/Logotipo-123Marcas.png\",\"contentUrl\":\"https:\/\/int.123marcas.com.br\/wp-content\/uploads\/2018\/11\/Logotipo-123Marcas.png\",\"width\":200,\"height\":200,\"caption\":\"123Marcas\"},\"image\":{\"@id\":\"https:\/\/int.123marcas.com.br\/pt\/#\/schema\/logo\/image\/\"},\"sameAs\":[\"https:\/\/www.facebook.com\/123marcas\/\"]}]}<\/script>\n<!-- \/ Yoast SEO plugin. -->","yoast_head_json":{"title":"Concess\u00e3o e certificado de registro da Marca no Brasil - 123 Marcas","description":"Consiste en la confecci\u00f3n de los documentos formales para hacer la concesi\u00f3n del registro de su marca en Brasil, y la vigilancia del proceso por 10 a\u00f1os.","robots":{"index":"index","follow":"follow","max-snippet":"max-snippet:-1","max-image-preview":"max-image-preview:large","max-video-preview":"max-video-preview:-1"},"canonical":"https:\/\/int.123marcas.com.br\/pt\/produto\/concesion-y-decenio\u200b-de-marca-en-brasil\/","og_locale":"pt_PT","og_type":"article","og_title":"[:en]Trademark granting and certification in Brazil[:es]Concesi\u00f3n de Marca en Brasil[:pt]Concess\u00e3o e certificado de registro da Marca no Brasil[:] - 123 Marcas","og_description":"Consiste en la confecci\u00f3n de los documentos formales para hacer la concesi\u00f3n del registro de su marca en Brasil, y la vigilancia del proceso por 10 a\u00f1os.","og_url":"https:\/\/int.123marcas.com.br\/pt\/produto\/concesion-y-decenio\u200b-de-marca-en-brasil\/","og_site_name":"123 Marcas","article_publisher":"https:\/\/www.facebook.com\/123marcas\/","article_modified_time":"2025-09-02T21:48:07+00:00","og_image":[{"width":642,"height":482,"url":"https:\/\/int.123marcas.com.br\/wp-content\/uploads\/2017\/08\/Concesion-de-Marca-en-Brasil.png","type":"image\/png"}],"twitter_card":"summary_large_image","twitter_misc":{"Tempo estimado de leitura":"2 minutos"},"schema":{"@context":"https:\/\/schema.org","@graph":[{"@type":"WebPage","@id":"https:\/\/int.123marcas.com.br\/pt\/produto\/concesion-y-decenio%e2%80%8b-de-marca-en-brasil\/","url":"https:\/\/int.123marcas.com.br\/pt\/produto\/concesion-y-decenio%e2%80%8b-de-marca-en-brasil\/","name":"[:en]Trademark granting and certification in Brazil[:es]Concesi\u00f3n de Marca en Brasil[:pt]Concess\u00e3o e certificado de registro da Marca no Brasil[:] - 123 Marcas","isPartOf":{"@id":"https:\/\/int.123marcas.com.br\/pt\/#website"},"datePublished":"2017-08-25T20:54:57+00:00","dateModified":"2025-09-02T21:48:07+00:00","description":"Consiste en la confecci\u00f3n de los documentos formales para hacer la concesi\u00f3n del registro de su marca en Brasil, y la vigilancia del proceso por 10 a\u00f1os.","breadcrumb":{"@id":"https:\/\/int.123marcas.com.br\/pt\/produto\/concesion-y-decenio%e2%80%8b-de-marca-en-brasil\/#breadcrumb"},"inLanguage":"pt-PT","potentialAction":[{"@type":"ReadAction","target":["https:\/\/int.123marcas.com.br\/pt\/produto\/concesion-y-decenio%e2%80%8b-de-marca-en-brasil\/"]}]},{"@type":"BreadcrumbList","@id":"https:\/\/int.123marcas.com.br\/pt\/produto\/concesion-y-decenio%e2%80%8b-de-marca-en-brasil\/#breadcrumb","itemListElement":[{"@type":"ListItem","position":1,"name":"In\u00edcio","item":"https:\/\/int.123marcas.com.br\/pt\/123-marcas-registro-de-marca-no-brasil-pt\/"},{"@type":"ListItem","position":2,"name":"Lista de precios para el registro de marcas INPI","item":"https:\/\/int.123marcas.com.br\/es\/lista-de-precios-para-el-registro-de-marcas-inpi\/"},{"@type":"ListItem","position":3,"name":"Concesi\u00f3n de Marca en Brasil"}]},{"@type":"WebSite","@id":"https:\/\/int.123marcas.com.br\/pt\/#website","url":"https:\/\/int.123marcas.com.br\/pt\/","name":"123 Marcas","description":"Registro de Marca no Brasil","publisher":{"@id":"https:\/\/int.123marcas.com.br\/pt\/#organization"},"potentialAction":[{"@type":"SearchAction","target":{"@type":"EntryPoint","urlTemplate":"https:\/\/int.123marcas.com.br\/pt\/?s={search_term_string}"},"query-input":"required name=search_term_string"}],"inLanguage":"pt-PT"},{"@type":"Organization","@id":"https:\/\/int.123marcas.com.br\/pt\/#organization","name":"123Marcas","url":"https:\/\/int.123marcas.com.br\/pt\/","logo":{"@type":"ImageObject","inLanguage":"pt-PT","@id":"https:\/\/int.123marcas.com.br\/pt\/#\/schema\/logo\/image\/","url":"https:\/\/int.123marcas.com.br\/wp-content\/uploads\/2018\/11\/Logotipo-123Marcas.png","contentUrl":"https:\/\/int.123marcas.com.br\/wp-content\/uploads\/2018\/11\/Logotipo-123Marcas.png","width":200,"height":200,"caption":"123Marcas"},"image":{"@id":"https:\/\/int.123marcas.com.br\/pt\/#\/schema\/logo\/image\/"},"sameAs":["https:\/\/www.facebook.com\/123marcas\/"]}]}},"_links":{"self":[{"href":"https:\/\/int.123marcas.com.br\/pt\/wp-json\/wp\/v2\/product\/1582"}],"collection":[{"href":"https:\/\/int.123marcas.com.br\/pt\/wp-json\/wp\/v2\/product"}],"about":[{"href":"https:\/\/int.123marcas.com.br\/pt\/wp-json\/wp\/v2\/types\/product"}],"version-history":[{"count":24,"href":"https:\/\/int.123marcas.com.br\/pt\/wp-json\/wp\/v2\/product\/1582\/revisions"}],"predecessor-version":[{"id":16317,"href":"https:\/\/int.123marcas.com.br\/pt\/wp-json\/wp\/v2\/product\/1582\/revisions\/16317"}],"wp:featuredmedia":[{"embeddable":true,"href":"https:\/\/int.123marcas.com.br\/pt\/wp-json\/wp\/v2\/media\/1583"}],"wp:attachment":[{"href":"https:\/\/int.123marcas.com.br\/pt\/wp-json\/wp\/v2\/media?parent=1582"}],"wp:term":[{"taxonomy":"product_cat","embeddable":true,"href":"https:\/\/int.123marcas.com.br\/pt\/wp-json\/wp\/v2\/product_cat?post=1582"},{"taxonomy":"product_tag","embeddable":true,"href":"https:\/\/int.123marcas.com.br\/pt\/wp-json\/wp\/v2\/product_tag?post=1582"}],"curies":[{"name":"wp","href":"https:\/\/api.w.org\/{rel}","templated":true}]}}