{"id":16458,"date":"2025-10-28T15:30:42","date_gmt":"2025-10-28T18:30:42","guid":{"rendered":"https:\/\/int.123marcas.com.br\/?post_type=product&#038;p=16458"},"modified":"2025-10-28T16:41:32","modified_gmt":"2025-10-28T19:41:32","slug":"additional-fee-free-specification-trademark-registration","status":"publish","type":"product","link":"https:\/\/int.123marcas.com.br\/pt\/produto\/additional-fee-free-specification-trademark-registration\/","title":{"rendered":"Taxa adicional \u2013 Especifica\u00e7\u00e3o livre (Registro de marca)"},"content":{"rendered":"<p>Se voc\u00ea estiver contratando o servi\u00e7o de <strong data-start=\"198\" data-end=\"229\">Registro de Marca no Brasil<\/strong> e j\u00e1 souber que o pedido ser\u00e1 feito com <strong data-start=\"270\" data-end=\"293\">especifica\u00e7\u00e3o livre<\/strong>, adicione este item ao seu carrinho.<br data-start=\"330\" data-end=\"333\" \/>Se ainda n\u00e3o tiver certeza, tudo bem \u2014 n\u00e3o adicione agora.<br data-start=\"391\" data-end=\"394\" \/>Caso seja necess\u00e1rio, o seu consultor ir\u00e1 avisar.<\/p>\n","protected":false},"excerpt":{"rendered":"<p>Aplic\u00e1vel somente ao servi\u00e7o de registro de marca.<br data-start=\"559\" data-end=\"562\" \/>Refere-se \u00e0 taxa adicional para pedidos com <strong data-start=\"606\" data-end=\"629\">especifica\u00e7\u00e3o livre<\/strong>, ou seja, lista personalizada de produtos e servi\u00e7os.<\/p>\n","protected":false},"featured_media":16463,"template":"","meta":[],"product_cat":[163],"product_tag":[],"yoast_head":"<!-- This site is optimized with the Yoast SEO plugin v22.1 - https:\/\/yoast.com\/wordpress\/plugins\/seo\/ -->\n<title>Taxa adicional \u2013 Especifica\u00e7\u00e3o livre (Registro de marca) - 123 Marcas<\/title>\n<meta name=\"robots\" content=\"index, follow, max-snippet:-1, max-image-preview:large, max-video-preview:-1\" \/>\n<link rel=\"canonical\" href=\"https:\/\/int.123marcas.com.br\/pt\/produto\/additional-fee-free-specification-trademark-registration\/\" \/>\n<meta property=\"og:locale\" content=\"pt_PT\" \/>\n<meta property=\"og:type\" content=\"article\" \/>\n<meta property=\"og:title\" content=\"Taxa adicional \u2013 Especifica\u00e7\u00e3o livre (Registro de marca)\" \/>\n<meta property=\"og:description\" content=\"Aplic\u00e1vel somente ao servi\u00e7o de registro de marca.Refere-se \u00e0 taxa adicional para pedidos com especifica\u00e7\u00e3o livre, ou seja, lista personalizada de produtos e servi\u00e7os.\" \/>\n<meta property=\"og:url\" content=\"https:\/\/int.123marcas.com.br\/pt\/produto\/additional-fee-free-specification-trademark-registration\/\" \/>\n<meta property=\"og:site_name\" content=\"123 Marcas\" \/>\n<meta property=\"article:publisher\" content=\"https:\/\/www.facebook.com\/123marcas\/\" \/>\n<meta property=\"article:modified_time\" content=\"2025-10-28T19:41:32+00:00\" \/>\n<meta property=\"og:image\" content=\"https:\/\/int.123marcas.com.br\/wp-content\/uploads\/2025\/10\/specimente-legal-fee-trademark-registration-in-brazil.jpg\" \/>\n\t<meta property=\"og:image:width\" content=\"400\" \/>\n\t<meta property=\"og:image:height\" content=\"400\" \/>\n\t<meta property=\"og:image:type\" content=\"image\/jpeg\" \/>\n<meta name=\"twitter:card\" content=\"summary_large_image\" \/>\n<meta name=\"twitter:label1\" content=\"Tempo estimado de leitura\" \/>\n\t<meta name=\"twitter:data1\" content=\"1 minuto\" \/>\n<script type=\"application\/ld+json\" class=\"yoast-schema-graph\">{\"@context\":\"https:\/\/schema.org\",\"@graph\":[{\"@type\":\"WebPage\",\"@id\":\"https:\/\/int.123marcas.com.br\/pt\/produto\/additional-fee-free-specification-trademark-registration\/\",\"url\":\"https:\/\/int.123marcas.com.br\/pt\/produto\/additional-fee-free-specification-trademark-registration\/\",\"name\":\"[:en]Additional Fee \u2013 Free Specification (Trademark Registration)[:es]Cargo adicional \u2013 Especificaci\u00f3n libre (Registro de marca)[:pt]Taxa adicional \u2013 Especifica\u00e7\u00e3o livre (Registro de marca)[:] - 123 Marcas\",\"isPartOf\":{\"@id\":\"https:\/\/int.123marcas.com.br\/pt\/#website\"},\"datePublished\":\"2025-10-28T18:30:42+00:00\",\"dateModified\":\"2025-10-28T19:41:32+00:00\",\"breadcrumb\":{\"@id\":\"https:\/\/int.123marcas.com.br\/pt\/produto\/additional-fee-free-specification-trademark-registration\/#breadcrumb\"},\"inLanguage\":\"pt-PT\",\"potentialAction\":[{\"@type\":\"ReadAction\",\"target\":[\"https:\/\/int.123marcas.com.br\/pt\/produto\/additional-fee-free-specification-trademark-registration\/\"]}]},{\"@type\":\"BreadcrumbList\",\"@id\":\"https:\/\/int.123marcas.com.br\/pt\/produto\/additional-fee-free-specification-trademark-registration\/#breadcrumb\",\"itemListElement\":[{\"@type\":\"ListItem\",\"position\":1,\"name\":\"In\u00edcio\",\"item\":\"https:\/\/int.123marcas.com.br\/pt\/123-marcas-registro-de-marca-no-brasil-pt\/\"},{\"@type\":\"ListItem\",\"position\":2,\"name\":\"Lista de precios para el registro de marcas INPI\",\"item\":\"https:\/\/int.123marcas.com.br\/es\/lista-de-precios-para-el-registro-de-marcas-inpi\/\"},{\"@type\":\"ListItem\",\"position\":3,\"name\":\"Taxa adicional \u2013 Especifica\u00e7\u00e3o livre (Registro de marca)\"}]},{\"@type\":\"WebSite\",\"@id\":\"https:\/\/int.123marcas.com.br\/pt\/#website\",\"url\":\"https:\/\/int.123marcas.com.br\/pt\/\",\"name\":\"123 Marcas\",\"description\":\"Registro de Marca no Brasil\",\"publisher\":{\"@id\":\"https:\/\/int.123marcas.com.br\/pt\/#organization\"},\"potentialAction\":[{\"@type\":\"SearchAction\",\"target\":{\"@type\":\"EntryPoint\",\"urlTemplate\":\"https:\/\/int.123marcas.com.br\/pt\/?s={search_term_string}\"},\"query-input\":\"required name=search_term_string\"}],\"inLanguage\":\"pt-PT\"},{\"@type\":\"Organization\",\"@id\":\"https:\/\/int.123marcas.com.br\/pt\/#organization\",\"name\":\"123Marcas\",\"url\":\"https:\/\/int.123marcas.com.br\/pt\/\",\"logo\":{\"@type\":\"ImageObject\",\"inLanguage\":\"pt-PT\",\"@id\":\"https:\/\/int.123marcas.com.br\/pt\/#\/schema\/logo\/image\/\",\"url\":\"https:\/\/int.123marcas.com.br\/wp-content\/uploads\/2018\/11\/Logotipo-123Marcas.png\",\"contentUrl\":\"https:\/\/int.123marcas.com.br\/wp-content\/uploads\/2018\/11\/Logotipo-123Marcas.png\",\"width\":200,\"height\":200,\"caption\":\"123Marcas\"},\"image\":{\"@id\":\"https:\/\/int.123marcas.com.br\/pt\/#\/schema\/logo\/image\/\"},\"sameAs\":[\"https:\/\/www.facebook.com\/123marcas\/\"]}]}<\/script>\n<!-- \/ Yoast SEO plugin. -->","yoast_head_json":{"title":"Taxa adicional \u2013 Especifica\u00e7\u00e3o livre (Registro de marca) - 123 Marcas","robots":{"index":"index","follow":"follow","max-snippet":"max-snippet:-1","max-image-preview":"max-image-preview:large","max-video-preview":"max-video-preview:-1"},"canonical":"https:\/\/int.123marcas.com.br\/pt\/produto\/additional-fee-free-specification-trademark-registration\/","og_locale":"pt_PT","og_type":"article","og_title":"[:en]Additional Fee \u2013 Free Specification (Trademark Registration)[:es]Cargo adicional \u2013 Especificaci\u00f3n libre (Registro de marca)[:pt]Taxa adicional \u2013 Especifica\u00e7\u00e3o livre (Registro de marca)[:] - 123 Marcas","og_description":"[:en]Applies only to the trademark registration service.This fee covers applications filed with a free specification (custom list of goods and services).Amount: USD 200.00 (legal fee).[:es]Aplica solo al servicio de registro de marca.Corresponde al cargo adicional por solicitudes con especificaci\u00f3n libre (lista personalizada de productos y servicios).[:pt]Aplic\u00e1vel somente ao servi\u00e7o de registro de marca.Refere-se \u00e0 taxa adicional para pedidos com especifica\u00e7\u00e3o livre, ou seja, lista personalizada de produtos e servi\u00e7os.[:]","og_url":"https:\/\/int.123marcas.com.br\/pt\/produto\/additional-fee-free-specification-trademark-registration\/","og_site_name":"123 Marcas","article_publisher":"https:\/\/www.facebook.com\/123marcas\/","article_modified_time":"2025-10-28T19:41:32+00:00","og_image":[{"width":400,"height":400,"url":"https:\/\/int.123marcas.com.br\/wp-content\/uploads\/2025\/10\/specimente-legal-fee-trademark-registration-in-brazil.jpg","type":"image\/jpeg"}],"twitter_card":"summary_large_image","twitter_misc":{"Tempo estimado de leitura":"1 minuto"},"schema":{"@context":"https:\/\/schema.org","@graph":[{"@type":"WebPage","@id":"https:\/\/int.123marcas.com.br\/pt\/produto\/additional-fee-free-specification-trademark-registration\/","url":"https:\/\/int.123marcas.com.br\/pt\/produto\/additional-fee-free-specification-trademark-registration\/","name":"[:en]Additional Fee \u2013 Free Specification (Trademark Registration)[:es]Cargo adicional \u2013 Especificaci\u00f3n libre (Registro de marca)[:pt]Taxa adicional \u2013 Especifica\u00e7\u00e3o livre (Registro de marca)[:] - 123 Marcas","isPartOf":{"@id":"https:\/\/int.123marcas.com.br\/pt\/#website"},"datePublished":"2025-10-28T18:30:42+00:00","dateModified":"2025-10-28T19:41:32+00:00","breadcrumb":{"@id":"https:\/\/int.123marcas.com.br\/pt\/produto\/additional-fee-free-specification-trademark-registration\/#breadcrumb"},"inLanguage":"pt-PT","potentialAction":[{"@type":"ReadAction","target":["https:\/\/int.123marcas.com.br\/pt\/produto\/additional-fee-free-specification-trademark-registration\/"]}]},{"@type":"BreadcrumbList","@id":"https:\/\/int.123marcas.com.br\/pt\/produto\/additional-fee-free-specification-trademark-registration\/#breadcrumb","itemListElement":[{"@type":"ListItem","position":1,"name":"In\u00edcio","item":"https:\/\/int.123marcas.com.br\/pt\/123-marcas-registro-de-marca-no-brasil-pt\/"},{"@type":"ListItem","position":2,"name":"Lista de precios para el registro de marcas INPI","item":"https:\/\/int.123marcas.com.br\/es\/lista-de-precios-para-el-registro-de-marcas-inpi\/"},{"@type":"ListItem","position":3,"name":"Taxa adicional \u2013 Especifica\u00e7\u00e3o livre (Registro de marca)"}]},{"@type":"WebSite","@id":"https:\/\/int.123marcas.com.br\/pt\/#website","url":"https:\/\/int.123marcas.com.br\/pt\/","name":"123 Marcas","description":"Registro de Marca no Brasil","publisher":{"@id":"https:\/\/int.123marcas.com.br\/pt\/#organization"},"potentialAction":[{"@type":"SearchAction","target":{"@type":"EntryPoint","urlTemplate":"https:\/\/int.123marcas.com.br\/pt\/?s={search_term_string}"},"query-input":"required name=search_term_string"}],"inLanguage":"pt-PT"},{"@type":"Organization","@id":"https:\/\/int.123marcas.com.br\/pt\/#organization","name":"123Marcas","url":"https:\/\/int.123marcas.com.br\/pt\/","logo":{"@type":"ImageObject","inLanguage":"pt-PT","@id":"https:\/\/int.123marcas.com.br\/pt\/#\/schema\/logo\/image\/","url":"https:\/\/int.123marcas.com.br\/wp-content\/uploads\/2018\/11\/Logotipo-123Marcas.png","contentUrl":"https:\/\/int.123marcas.com.br\/wp-content\/uploads\/2018\/11\/Logotipo-123Marcas.png","width":200,"height":200,"caption":"123Marcas"},"image":{"@id":"https:\/\/int.123marcas.com.br\/pt\/#\/schema\/logo\/image\/"},"sameAs":["https:\/\/www.facebook.com\/123marcas\/"]}]}},"_links":{"self":[{"href":"https:\/\/int.123marcas.com.br\/pt\/wp-json\/wp\/v2\/product\/16458"}],"collection":[{"href":"https:\/\/int.123marcas.com.br\/pt\/wp-json\/wp\/v2\/product"}],"about":[{"href":"https:\/\/int.123marcas.com.br\/pt\/wp-json\/wp\/v2\/types\/product"}],"version-history":[{"count":4,"href":"https:\/\/int.123marcas.com.br\/pt\/wp-json\/wp\/v2\/product\/16458\/revisions"}],"predecessor-version":[{"id":16462,"href":"https:\/\/int.123marcas.com.br\/pt\/wp-json\/wp\/v2\/product\/16458\/revisions\/16462"}],"wp:featuredmedia":[{"embeddable":true,"href":"https:\/\/int.123marcas.com.br\/pt\/wp-json\/wp\/v2\/media\/16463"}],"wp:attachment":[{"href":"https:\/\/int.123marcas.com.br\/pt\/wp-json\/wp\/v2\/media?parent=16458"}],"wp:term":[{"taxonomy":"product_cat","embeddable":true,"href":"https:\/\/int.123marcas.com.br\/pt\/wp-json\/wp\/v2\/product_cat?post=16458"},{"taxonomy":"product_tag","embeddable":true,"href":"https:\/\/int.123marcas.com.br\/pt\/wp-json\/wp\/v2\/product_tag?post=16458"}],"curies":[{"name":"wp","href":"https:\/\/api.w.org\/{rel}","templated":true}]}}